{"id":2142,"date":"2022-11-04T10:07:31","date_gmt":"2022-11-04T10:07:31","guid":{"rendered":"https:\/\/morgado.zalox.pt\/?page_id=2142"},"modified":"2022-11-04T10:09:39","modified_gmt":"2022-11-04T10:09:39","slug":"o-que-sao-cookies","status":"publish","type":"page","link":"https:\/\/morgadocardoso.com\/pt\/o-que-sao-cookies\/","title":{"rendered":"O que s\u00e3o cookies"},"content":{"rendered":"\t\t<div data-elementor-type=\"wp-page\" data-elementor-id=\"2142\" class=\"elementor elementor-2142\">\n\t\t\t\t\t\t\t\t\t<section class=\"elementor-section elementor-top-section elementor-element elementor-element-9997731 elementor-section-boxed elementor-section-height-default elementor-section-height-default\" data-id=\"9997731\" data-element_type=\"section\">\n\t\t\t\t\t\t<div class=\"elementor-container elementor-column-gap-no\">\n\t\t\t\t\t<div class=\"elementor-column elementor-col-100 elementor-top-column elementor-element elementor-element-821f64d\" data-id=\"821f64d\" data-element_type=\"column\">\n\t\t\t<div class=\"elementor-widget-wrap elementor-element-populated\">\n\t\t\t\t\t\t\t\t<div class=\"elementor-element elementor-element-5198389 elementor-widget elementor-widget-heading\" data-id=\"5198389\" data-element_type=\"widget\" data-widget_type=\"heading.default\">\n\t\t\t\t<div class=\"elementor-widget-container\">\n\t\t\t<style>\/*! elementor - v3.12.2 - 23-04-2023 *\/\n.elementor-heading-title{padding:0;margin:0;line-height:1}.elementor-widget-heading .elementor-heading-title[class*=elementor-size-]>a{color:inherit;font-size:inherit;line-height:inherit}.elementor-widget-heading .elementor-heading-title.elementor-size-small{font-size:15px}.elementor-widget-heading .elementor-heading-title.elementor-size-medium{font-size:19px}.elementor-widget-heading .elementor-heading-title.elementor-size-large{font-size:29px}.elementor-widget-heading .elementor-heading-title.elementor-size-xl{font-size:39px}.elementor-widget-heading .elementor-heading-title.elementor-size-xxl{font-size:59px}<\/style><h1 class=\"elementor-heading-title elementor-size-default\">O QUE S\u00c3O COOKIES\n<\/h1>\t\t<\/div>\n\t\t\t\t<\/div>\n\t\t\t\t<div class=\"elementor-element elementor-element-31e169c elementor-widget elementor-widget-text-editor\" data-id=\"31e169c\" data-element_type=\"widget\" data-widget_type=\"text-editor.default\">\n\t\t\t\t<div class=\"elementor-widget-container\">\n\t\t\t<style>\/*! elementor - v3.12.2 - 23-04-2023 *\/\n.elementor-widget-text-editor.elementor-drop-cap-view-stacked .elementor-drop-cap{background-color:#69727d;color:#fff}.elementor-widget-text-editor.elementor-drop-cap-view-framed .elementor-drop-cap{color:#69727d;border:3px solid;background-color:transparent}.elementor-widget-text-editor:not(.elementor-drop-cap-view-default) .elementor-drop-cap{margin-top:8px}.elementor-widget-text-editor:not(.elementor-drop-cap-view-default) .elementor-drop-cap-letter{width:1em;height:1em}.elementor-widget-text-editor .elementor-drop-cap{float:left;text-align:center;line-height:1;font-size:50px}.elementor-widget-text-editor .elementor-drop-cap-letter{display:inline-block}<\/style>\t\t\t\t<p>Como \u00e9 pr\u00e1tica comum em quase todos os sites profissionais, este site usa cookies, que s\u00e3o pequenos arquivos que s\u00e3o armazenados no seu computador para melhorar a sua experi\u00eancia. Esta p\u00e1gina descreve as informa\u00e7\u00f5es que guardadas, como as usamos e por que precisamos de armazenar esses cookies. Tamb\u00e9m indicamos como pode evitar que esses cookies sejam armazenados, pois isso pode diminuir ou &#8216;quebrar&#8217; certos elementos da funcionalidade dos sites. Para obter informa\u00e7\u00f5es mais gerais sobre os cookies, consulte o artigo da Wikipedia sobre Cookies HTTP.<\/p>\t\t\t\t\t\t<\/div>\n\t\t\t\t<\/div>\n\t\t\t\t<div class=\"elementor-element elementor-element-3823eab elementor-widget elementor-widget-text-editor\" data-id=\"3823eab\" data-element_type=\"widget\" data-widget_type=\"text-editor.default\">\n\t\t\t\t<div class=\"elementor-widget-container\">\n\t\t\t\t\t\t\t<p><strong>Como usamos cookie<\/strong><\/p><p>Usamos cookies por uma variedade de raz\u00f5es detalhadas abaixo. Infelizmente, na maioria dos casos, n\u00e3o h\u00e1 op\u00e7\u00f5es padr\u00e3o do setor para desativar cookies sem desativar completamente a funcionalidade e os recursos que eles adicionam a este site. Recomenda-se que deixe ativos todos os cookies se n\u00e3o tem certeza se precisa ou deles para um servi\u00e7o de que deseja usufruir.<\/p>\t\t\t\t\t\t<\/div>\n\t\t\t\t<\/div>\n\t\t\t\t<div class=\"elementor-element elementor-element-ca1b8b8 elementor-widget elementor-widget-text-editor\" data-id=\"ca1b8b8\" data-element_type=\"widget\" data-widget_type=\"text-editor.default\">\n\t\t\t\t<div class=\"elementor-widget-container\">\n\t\t\t\t\t\t\t<p><strong>Desativar cookies<\/strong><\/p><p>Pode evitar a configura\u00e7\u00e3o de cookies, ajustando as configura\u00e7\u00f5es do seu navegador. Esteja ciente de que a desativa\u00e7\u00e3o de cookies afetar\u00e1 a funcionalidade deste e muitos outros sites que visita. Desativar cookies geralmente resultar\u00e1 em desabilitar certas funcionalidades e recursos deste site. Portanto, \u00e9 recomend\u00e1vel que n\u00e3o desative os cookies.<\/p>\t\t\t\t\t\t<\/div>\n\t\t\t\t<\/div>\n\t\t\t\t<div class=\"elementor-element elementor-element-dbf8eb0 elementor-widget elementor-widget-text-editor\" data-id=\"dbf8eb0\" data-element_type=\"widget\" data-widget_type=\"text-editor.default\">\n\t\t\t\t<div class=\"elementor-widget-container\">\n\t\t\t\t\t\t\t<p><strong>Os Cookies que utilizamos<\/strong><\/p><p>Quando envia dados atrav\u00e9s de um formul\u00e1rio como aqueles encontrados em p\u00e1ginas de contacto os cookies podem ser configurados para lembrar os detalhes utilizador futuramente.<\/p>\t\t\t\t\t\t<\/div>\n\t\t\t\t<\/div>\n\t\t\t\t\t<\/div>\n\t\t<\/div>\n\t\t\t\t\t\t\t<\/div>\n\t\t<\/section>\n\t\t\t\t\t\t\t<\/div>\n\t\t","protected":false},"excerpt":{"rendered":"<p>O QUE S\u00c3O COOKIES Como \u00e9 pr\u00e1tica comum em quase todos os sites profissionais, este site usa cookies, que s\u00e3o pequenos arquivos que s\u00e3o armazenados no seu computador para melhorar a sua experi\u00eancia. Esta p\u00e1gina descreve as informa\u00e7\u00f5es que guardadas, como as usamos e por que precisamos de armazenar esses cookies. Tamb\u00e9m indicamos como pode [&hellip;]<\/p>\n","protected":false},"author":1,"featured_media":0,"parent":0,"menu_order":0,"comment_status":"closed","ping_status":"closed","template":"","meta":[],"yoast_head":"<!-- This site is optimized with the Yoast SEO plugin v20.6 - https:\/\/yoast.com\/wordpress\/plugins\/seo\/ -->\n<title>O que s\u00e3o cookies - Morgado Cardoso<\/title>\n<meta name=\"description\" content=\"O que s\u00e3o cookies - Morgado Cardoso\" \/>\n<meta name=\"robots\" content=\"noindex, follow\" \/>\n<meta property=\"og:locale\" content=\"pt_PT\" \/>\n<meta property=\"og:type\" content=\"article\" \/>\n<meta property=\"og:title\" content=\"O que s\u00e3o cookies - Morgado Cardoso\" \/>\n<meta property=\"og:description\" content=\"O que s\u00e3o cookies - Morgado Cardoso\" \/>\n<meta property=\"og:url\" content=\"https:\/\/morgadocardoso.com\/pt\/o-que-sao-cookies\/\" \/>\n<meta property=\"og:site_name\" content=\"Morgado Cardoso\" \/>\n<meta property=\"article:modified_time\" content=\"2022-11-04T10:09:39+00:00\" \/>\n<meta name=\"twitter:card\" content=\"summary_large_image\" \/>\n<meta name=\"twitter:label1\" content=\"Tempo estimado de leitura\" \/>\n\t<meta name=\"twitter:data1\" content=\"2 minutos\" \/>\n<script type=\"application\/ld+json\" class=\"yoast-schema-graph\">{\"@context\":\"https:\/\/schema.org\",\"@graph\":[{\"@type\":\"WebPage\",\"@id\":\"https:\/\/morgadocardoso.com\/pt\/o-que-sao-cookies\/\",\"url\":\"https:\/\/morgadocardoso.com\/pt\/o-que-sao-cookies\/\",\"name\":\"O que s\u00e3o cookies - Morgado Cardoso\",\"isPartOf\":{\"@id\":\"https:\/\/morgadocardoso.com\/pt\/#website\"},\"datePublished\":\"2022-11-04T10:07:31+00:00\",\"dateModified\":\"2022-11-04T10:09:39+00:00\",\"description\":\"O que s\u00e3o cookies - Morgado Cardoso\",\"breadcrumb\":{\"@id\":\"https:\/\/morgadocardoso.com\/pt\/o-que-sao-cookies\/#breadcrumb\"},\"inLanguage\":\"pt-PT\",\"potentialAction\":[{\"@type\":\"ReadAction\",\"target\":[\"https:\/\/morgadocardoso.com\/pt\/o-que-sao-cookies\/\"]}]},{\"@type\":\"BreadcrumbList\",\"@id\":\"https:\/\/morgadocardoso.com\/pt\/o-que-sao-cookies\/#breadcrumb\",\"itemListElement\":[{\"@type\":\"ListItem\",\"position\":1,\"name\":\"Home\",\"item\":\"https:\/\/morgadocardoso.com\/pt\/\"},{\"@type\":\"ListItem\",\"position\":2,\"name\":\"O que s\u00e3o cookies\"}]},{\"@type\":\"WebSite\",\"@id\":\"https:\/\/morgadocardoso.com\/pt\/#website\",\"url\":\"https:\/\/morgadocardoso.com\/pt\/\",\"name\":\"Morgado Cardoso\",\"description\":\"O empreendimento de elei\u00e7\u00e3o para quem procura qualidade de vida aliada \u00e0 arquitetura elegante, conforto e seguran\u00e7a!\",\"publisher\":{\"@id\":\"https:\/\/morgadocardoso.com\/pt\/#organization\"},\"potentialAction\":[{\"@type\":\"SearchAction\",\"target\":{\"@type\":\"EntryPoint\",\"urlTemplate\":\"https:\/\/morgadocardoso.com\/pt\/?s={search_term_string}\"},\"query-input\":\"required name=search_term_string\"}],\"inLanguage\":\"pt-PT\"},{\"@type\":\"Organization\",\"@id\":\"https:\/\/morgadocardoso.com\/pt\/#organization\",\"name\":\"Morgado Cardoso\",\"url\":\"https:\/\/morgadocardoso.com\/pt\/\",\"logo\":{\"@type\":\"ImageObject\",\"inLanguage\":\"pt-PT\",\"@id\":\"https:\/\/morgadocardoso.com\/pt\/#\/schema\/logo\/image\/\",\"url\":\"https:\/\/morgadocardoso.com\/wp-content\/uploads\/2022\/11\/Logo-Morgado-Cardoso.png\",\"contentUrl\":\"https:\/\/morgadocardoso.com\/wp-content\/uploads\/2022\/11\/Logo-Morgado-Cardoso.png\",\"width\":81,\"height\":32,\"caption\":\"Morgado Cardoso\"},\"image\":{\"@id\":\"https:\/\/morgadocardoso.com\/pt\/#\/schema\/logo\/image\/\"}}]}<\/script>\n<!-- \/ Yoast SEO plugin. -->","yoast_head_json":{"title":"O que s\u00e3o cookies - Morgado Cardoso","description":"O que s\u00e3o cookies - Morgado Cardoso","robots":{"index":"noindex","follow":"follow"},"og_locale":"pt_PT","og_type":"article","og_title":"O que s\u00e3o cookies - Morgado Cardoso","og_description":"O que s\u00e3o cookies - Morgado Cardoso","og_url":"https:\/\/morgadocardoso.com\/pt\/o-que-sao-cookies\/","og_site_name":"Morgado Cardoso","article_modified_time":"2022-11-04T10:09:39+00:00","twitter_card":"summary_large_image","twitter_misc":{"Tempo estimado de leitura":"2 minutos"},"schema":{"@context":"https:\/\/schema.org","@graph":[{"@type":"WebPage","@id":"https:\/\/morgadocardoso.com\/pt\/o-que-sao-cookies\/","url":"https:\/\/morgadocardoso.com\/pt\/o-que-sao-cookies\/","name":"O que s\u00e3o cookies - Morgado Cardoso","isPartOf":{"@id":"https:\/\/morgadocardoso.com\/pt\/#website"},"datePublished":"2022-11-04T10:07:31+00:00","dateModified":"2022-11-04T10:09:39+00:00","description":"O que s\u00e3o cookies - Morgado Cardoso","breadcrumb":{"@id":"https:\/\/morgadocardoso.com\/pt\/o-que-sao-cookies\/#breadcrumb"},"inLanguage":"pt-PT","potentialAction":[{"@type":"ReadAction","target":["https:\/\/morgadocardoso.com\/pt\/o-que-sao-cookies\/"]}]},{"@type":"BreadcrumbList","@id":"https:\/\/morgadocardoso.com\/pt\/o-que-sao-cookies\/#breadcrumb","itemListElement":[{"@type":"ListItem","position":1,"name":"Home","item":"https:\/\/morgadocardoso.com\/pt\/"},{"@type":"ListItem","position":2,"name":"O que s\u00e3o cookies"}]},{"@type":"WebSite","@id":"https:\/\/morgadocardoso.com\/pt\/#website","url":"https:\/\/morgadocardoso.com\/pt\/","name":"Morgado Cardoso","description":"O empreendimento de elei\u00e7\u00e3o para quem procura qualidade de vida aliada \u00e0 arquitetura elegante, conforto e seguran\u00e7a!","publisher":{"@id":"https:\/\/morgadocardoso.com\/pt\/#organization"},"potentialAction":[{"@type":"SearchAction","target":{"@type":"EntryPoint","urlTemplate":"https:\/\/morgadocardoso.com\/pt\/?s={search_term_string}"},"query-input":"required name=search_term_string"}],"inLanguage":"pt-PT"},{"@type":"Organization","@id":"https:\/\/morgadocardoso.com\/pt\/#organization","name":"Morgado Cardoso","url":"https:\/\/morgadocardoso.com\/pt\/","logo":{"@type":"ImageObject","inLanguage":"pt-PT","@id":"https:\/\/morgadocardoso.com\/pt\/#\/schema\/logo\/image\/","url":"https:\/\/morgadocardoso.com\/wp-content\/uploads\/2022\/11\/Logo-Morgado-Cardoso.png","contentUrl":"https:\/\/morgadocardoso.com\/wp-content\/uploads\/2022\/11\/Logo-Morgado-Cardoso.png","width":81,"height":32,"caption":"Morgado Cardoso"},"image":{"@id":"https:\/\/morgadocardoso.com\/pt\/#\/schema\/logo\/image\/"}}]}},"_links":{"self":[{"href":"https:\/\/morgadocardoso.com\/pt\/wp-json\/wp\/v2\/pages\/2142"}],"collection":[{"href":"https:\/\/morgadocardoso.com\/pt\/wp-json\/wp\/v2\/pages"}],"about":[{"href":"https:\/\/morgadocardoso.com\/pt\/wp-json\/wp\/v2\/types\/page"}],"author":[{"embeddable":true,"href":"https:\/\/morgadocardoso.com\/pt\/wp-json\/wp\/v2\/users\/1"}],"replies":[{"embeddable":true,"href":"https:\/\/morgadocardoso.com\/pt\/wp-json\/wp\/v2\/comments?post=2142"}],"version-history":[{"count":4,"href":"https:\/\/morgadocardoso.com\/pt\/wp-json\/wp\/v2\/pages\/2142\/revisions"}],"predecessor-version":[{"id":2147,"href":"https:\/\/morgadocardoso.com\/pt\/wp-json\/wp\/v2\/pages\/2142\/revisions\/2147"}],"wp:attachment":[{"href":"https:\/\/morgadocardoso.com\/pt\/wp-json\/wp\/v2\/media?parent=2142"}],"curies":[{"name":"wp","href":"https:\/\/api.w.org\/{rel}","templated":true}]}}