{"id":1489,"date":"2022-11-03T12:06:31","date_gmt":"2022-11-03T12:06:31","guid":{"rendered":"https:\/\/morgado.zalox.pt\/?page_id=1489"},"modified":"2022-11-04T10:11:35","modified_gmt":"2022-11-04T10:11:35","slug":"politica-de-privacidade","status":"publish","type":"page","link":"https:\/\/morgadocardoso.com\/pt\/politica-de-privacidade\/","title":{"rendered":"Pol\u00edtica de Privacidade"},"content":{"rendered":"\t\t<div data-elementor-type=\"wp-page\" data-elementor-id=\"1489\" class=\"elementor elementor-1489\">\n\t\t\t\t\t\t\t\t\t<section class=\"elementor-section elementor-top-section elementor-element elementor-element-4d63ebf elementor-section-boxed elementor-section-height-default elementor-section-height-default\" data-id=\"4d63ebf\" data-element_type=\"section\">\n\t\t\t\t\t\t<div class=\"elementor-container elementor-column-gap-no\">\n\t\t\t\t\t<div class=\"elementor-column elementor-col-100 elementor-top-column elementor-element elementor-element-2da58d4\" data-id=\"2da58d4\" data-element_type=\"column\">\n\t\t\t<div class=\"elementor-widget-wrap elementor-element-populated\">\n\t\t\t\t\t\t\t\t<div class=\"elementor-element elementor-element-343168a elementor-widget elementor-widget-heading\" data-id=\"343168a\" data-element_type=\"widget\" data-widget_type=\"heading.default\">\n\t\t\t\t<div class=\"elementor-widget-container\">\n\t\t\t<style>\/*! elementor - v3.12.2 - 23-04-2023 *\/\n.elementor-heading-title{padding:0;margin:0;line-height:1}.elementor-widget-heading .elementor-heading-title[class*=elementor-size-]>a{color:inherit;font-size:inherit;line-height:inherit}.elementor-widget-heading .elementor-heading-title.elementor-size-small{font-size:15px}.elementor-widget-heading .elementor-heading-title.elementor-size-medium{font-size:19px}.elementor-widget-heading .elementor-heading-title.elementor-size-large{font-size:29px}.elementor-widget-heading .elementor-heading-title.elementor-size-xl{font-size:39px}.elementor-widget-heading .elementor-heading-title.elementor-size-xxl{font-size:59px}<\/style><h1 class=\"elementor-heading-title elementor-size-default\">POL\u00cdTICA DE PRIVACIDADE<\/h1>\t\t<\/div>\n\t\t\t\t<\/div>\n\t\t\t\t<div class=\"elementor-element elementor-element-a5f4d77 elementor-widget elementor-widget-text-editor\" data-id=\"a5f4d77\" data-element_type=\"widget\" data-widget_type=\"text-editor.default\">\n\t\t\t\t<div class=\"elementor-widget-container\">\n\t\t\t<style>\/*! elementor - v3.12.2 - 23-04-2023 *\/\n.elementor-widget-text-editor.elementor-drop-cap-view-stacked .elementor-drop-cap{background-color:#69727d;color:#fff}.elementor-widget-text-editor.elementor-drop-cap-view-framed .elementor-drop-cap{color:#69727d;border:3px solid;background-color:transparent}.elementor-widget-text-editor:not(.elementor-drop-cap-view-default) .elementor-drop-cap{margin-top:8px}.elementor-widget-text-editor:not(.elementor-drop-cap-view-default) .elementor-drop-cap-letter{width:1em;height:1em}.elementor-widget-text-editor .elementor-drop-cap{float:left;text-align:center;line-height:1;font-size:50px}.elementor-widget-text-editor .elementor-drop-cap-letter{display:inline-block}<\/style>\t\t\t\t<p>A Morgado Cardoso S.A. respeita a privacidade dos seus clientes. Toda a informa\u00e7\u00e3o que recolhemos sobre o cliente serve para gerirmos o nosso servi\u00e7o, melhorar a sua experi\u00eancia no nosso site, esclarecer as suas d\u00favidas e inform\u00e1-lo sobre novidades, produtos, servi\u00e7os.<\/p>\t\t\t\t\t\t<\/div>\n\t\t\t\t<\/div>\n\t\t\t\t<div class=\"elementor-element elementor-element-2feaeb7 elementor-widget elementor-widget-text-editor\" data-id=\"2feaeb7\" data-element_type=\"widget\" data-widget_type=\"text-editor.default\">\n\t\t\t\t<div class=\"elementor-widget-container\">\n\t\t\t\t\t\t\t<p><strong>Com que objetivo tratamos os seus dados pessoais?<\/strong><\/p><p>No cumprimento do disposto no Regulamento Europeu 2016\/679 Geral de Prote\u00e7\u00e3o de Dados, assim como em qualquer lei nacional que resulte da sua aplica\u00e7\u00e3o, informamos que tratamos os dados pessoais que nos fornece com os seguintes objetivos:<\/p><ol><li>Gerir as rela\u00e7\u00f5es comerciais com os clientes, incluindo a solicita\u00e7\u00e3o e seguimento de marca\u00e7\u00f5es.<\/li><li>Envio de comunica\u00e7\u00f5es comerciais e realiza\u00e7\u00e3o de inqu\u00e9ritos \u00e0 satisfa\u00e7\u00e3o.<\/li><\/ol><p>Os seus dados ser\u00e3o conservados enquanto dure a rela\u00e7\u00e3o contratual, ou at\u00e9 solicitar a sua elimina\u00e7\u00e3o, assim como durante o tempo necess\u00e1rio para cumprir as obriga\u00e7\u00f5es legais. Os seus dados pessoais n\u00e3o ser\u00e3o cedidos a nenhum terceiro, exceto aos terceiros cuja interven\u00e7\u00e3o seja necess\u00e1ria para a correta gest\u00e3o da presta\u00e7\u00e3o do servi\u00e7o (transportadoras, entidades financeiras, etc.).<\/p><p>N\u00e3o alugamos ou vendemos as bases de dados dos nossos clientes a terceiros. A Morgado Cardoso S.A. reserva-se o direito de veicular a sua informa\u00e7\u00e3o pessoal sempre que exigida por uma autoridade legal e sempre que estiver em causa a propriedade, os interesses e os direitos do site www.morgadocardoso.com.<br \/>O utilizador pode, atrav\u00e9s de um pedido por escrito, exercer o seu direito de oposi\u00e7\u00e3o \u00e0 utiliza\u00e7\u00e3o dos seus dados pessoais. O titular tem o direito de obter do respons\u00e1vel pelo tratamento o apagamento dos seus dados pessoais, sem demora injustificada, e este tem a obriga\u00e7\u00e3o de apagar os dados pessoais, sem demora injustificada, de acordo com os motivos previstos no n.\u00ba 1 do artigo 17.<\/p><p>O titular tem o direito de obter, sem demora injustificada, do respons\u00e1vel pelo tratamento a retifica\u00e7\u00e3o dos dados pessoais inexatos que lhe digam respeito. Tendo em conta as finalidades do tratamento, o titular dos dados tem direito a que os seus dados pessoais incompletos sejam completados, incluindo por meio de uma declara\u00e7\u00e3o adicional.<\/p>\t\t\t\t\t\t<\/div>\n\t\t\t\t<\/div>\n\t\t\t\t<div class=\"elementor-element elementor-element-a9cc864 elementor-widget elementor-widget-text-editor\" data-id=\"a9cc864\" data-element_type=\"widget\" data-widget_type=\"text-editor.default\">\n\t\t\t\t<div class=\"elementor-widget-container\">\n\t\t\t\t\t\t\t<p><strong>Cookies<\/strong><\/p><p>Como \u00e9 pr\u00e1tica comum em quase todos os sites profissionais, este site usa cookies, que s\u00e3o pequenos arquivos que s\u00e3o armazenados no seu computador para melhorar a sua experi\u00eancia. Esta p\u00e1gina descreve as informa\u00e7\u00f5es que guardadas, como as usamos e por que precisamos de armazenar esses cookies. Tamb\u00e9m indicamos como pode evitar que esses cookies sejam armazenados, pois isso pode diminuir ou &#8216;quebrar&#8217; certos elementos da funcionalidade dos sites.<\/p><p>O utilizador pode recusar estes cookies a qualquer momento, desde que o seu navegador o permita, contudo tal pode inibir alguns recursos do nosso site. As cookies s\u00e3o tamb\u00e9m utilizadas para o funcionamento de servi\u00e7os utilizados pela Morgado Cardoso S.A. como por exemplo o Google Analytics ou o Google Adwords.<\/p><p>Quando envia dados atrav\u00e9s de um formul\u00e1rio como aqueles encontrados em p\u00e1ginas de contacto os cookies podem ser configurados para lembrar os detalhes utilizador futuramente.<\/p>\t\t\t\t\t\t<\/div>\n\t\t\t\t<\/div>\n\t\t\t\t\t<\/div>\n\t\t<\/div>\n\t\t\t\t\t\t\t<\/div>\n\t\t<\/section>\n\t\t\t\t\t\t\t<\/div>\n\t\t","protected":false},"excerpt":{"rendered":"<p>POL\u00cdTICA DE PRIVACIDADE A Morgado Cardoso S.A. respeita a privacidade dos seus clientes. Toda a informa\u00e7\u00e3o que recolhemos sobre o cliente serve para gerirmos o nosso servi\u00e7o, melhorar a sua experi\u00eancia no nosso site, esclarecer as suas d\u00favidas e inform\u00e1-lo sobre novidades, produtos, servi\u00e7os. Com que objetivo tratamos os seus dados pessoais? No cumprimento do [&hellip;]<\/p>\n","protected":false},"author":1,"featured_media":0,"parent":0,"menu_order":0,"comment_status":"closed","ping_status":"closed","template":"","meta":[],"yoast_head":"<!-- This site is optimized with the Yoast SEO plugin v20.6 - https:\/\/yoast.com\/wordpress\/plugins\/seo\/ -->\n<title>Pol\u00edtica de Privacidade - Morgado Cardoso<\/title>\n<meta name=\"description\" content=\"Pol\u00edtica de Privacidade - Morgado Cardoso\" \/>\n<meta name=\"robots\" content=\"noindex, follow\" \/>\n<meta property=\"og:locale\" content=\"pt_PT\" \/>\n<meta property=\"og:type\" content=\"article\" \/>\n<meta property=\"og:title\" content=\"Pol\u00edtica de Privacidade - Morgado Cardoso\" \/>\n<meta property=\"og:description\" content=\"Pol\u00edtica de Privacidade - Morgado Cardoso\" \/>\n<meta property=\"og:url\" content=\"https:\/\/morgadocardoso.com\/pt\/politica-de-privacidade\/\" \/>\n<meta property=\"og:site_name\" content=\"Morgado Cardoso\" \/>\n<meta property=\"article:modified_time\" content=\"2022-11-04T10:11:35+00:00\" \/>\n<meta name=\"twitter:card\" content=\"summary_large_image\" \/>\n<meta name=\"twitter:label1\" content=\"Tempo estimado de leitura\" \/>\n\t<meta name=\"twitter:data1\" content=\"3 minutos\" \/>\n<script type=\"application\/ld+json\" class=\"yoast-schema-graph\">{\"@context\":\"https:\/\/schema.org\",\"@graph\":[{\"@type\":\"WebPage\",\"@id\":\"https:\/\/morgadocardoso.com\/pt\/politica-de-privacidade\/\",\"url\":\"https:\/\/morgadocardoso.com\/pt\/politica-de-privacidade\/\",\"name\":\"Pol\u00edtica de Privacidade - Morgado Cardoso\",\"isPartOf\":{\"@id\":\"https:\/\/morgadocardoso.com\/pt\/#website\"},\"datePublished\":\"2022-11-03T12:06:31+00:00\",\"dateModified\":\"2022-11-04T10:11:35+00:00\",\"description\":\"Pol\u00edtica de Privacidade - Morgado Cardoso\",\"breadcrumb\":{\"@id\":\"https:\/\/morgadocardoso.com\/pt\/politica-de-privacidade\/#breadcrumb\"},\"inLanguage\":\"pt-PT\",\"potentialAction\":[{\"@type\":\"ReadAction\",\"target\":[\"https:\/\/morgadocardoso.com\/pt\/politica-de-privacidade\/\"]}]},{\"@type\":\"BreadcrumbList\",\"@id\":\"https:\/\/morgadocardoso.com\/pt\/politica-de-privacidade\/#breadcrumb\",\"itemListElement\":[{\"@type\":\"ListItem\",\"position\":1,\"name\":\"Home\",\"item\":\"https:\/\/morgadocardoso.com\/pt\/\"},{\"@type\":\"ListItem\",\"position\":2,\"name\":\"Pol\u00edtica de Privacidade\"}]},{\"@type\":\"WebSite\",\"@id\":\"https:\/\/morgadocardoso.com\/pt\/#website\",\"url\":\"https:\/\/morgadocardoso.com\/pt\/\",\"name\":\"Morgado Cardoso\",\"description\":\"O empreendimento de elei\u00e7\u00e3o para quem procura qualidade de vida aliada \u00e0 arquitetura elegante, conforto e seguran\u00e7a!\",\"publisher\":{\"@id\":\"https:\/\/morgadocardoso.com\/pt\/#organization\"},\"potentialAction\":[{\"@type\":\"SearchAction\",\"target\":{\"@type\":\"EntryPoint\",\"urlTemplate\":\"https:\/\/morgadocardoso.com\/pt\/?s={search_term_string}\"},\"query-input\":\"required name=search_term_string\"}],\"inLanguage\":\"pt-PT\"},{\"@type\":\"Organization\",\"@id\":\"https:\/\/morgadocardoso.com\/pt\/#organization\",\"name\":\"Morgado Cardoso\",\"url\":\"https:\/\/morgadocardoso.com\/pt\/\",\"logo\":{\"@type\":\"ImageObject\",\"inLanguage\":\"pt-PT\",\"@id\":\"https:\/\/morgadocardoso.com\/pt\/#\/schema\/logo\/image\/\",\"url\":\"https:\/\/morgadocardoso.com\/wp-content\/uploads\/2022\/11\/Logo-Morgado-Cardoso.png\",\"contentUrl\":\"https:\/\/morgadocardoso.com\/wp-content\/uploads\/2022\/11\/Logo-Morgado-Cardoso.png\",\"width\":81,\"height\":32,\"caption\":\"Morgado Cardoso\"},\"image\":{\"@id\":\"https:\/\/morgadocardoso.com\/pt\/#\/schema\/logo\/image\/\"}}]}<\/script>\n<!-- \/ Yoast SEO plugin. -->","yoast_head_json":{"title":"Pol\u00edtica de Privacidade - Morgado Cardoso","description":"Pol\u00edtica de Privacidade - Morgado Cardoso","robots":{"index":"noindex","follow":"follow"},"og_locale":"pt_PT","og_type":"article","og_title":"Pol\u00edtica de Privacidade - Morgado Cardoso","og_description":"Pol\u00edtica de Privacidade - Morgado Cardoso","og_url":"https:\/\/morgadocardoso.com\/pt\/politica-de-privacidade\/","og_site_name":"Morgado Cardoso","article_modified_time":"2022-11-04T10:11:35+00:00","twitter_card":"summary_large_image","twitter_misc":{"Tempo estimado de leitura":"3 minutos"},"schema":{"@context":"https:\/\/schema.org","@graph":[{"@type":"WebPage","@id":"https:\/\/morgadocardoso.com\/pt\/politica-de-privacidade\/","url":"https:\/\/morgadocardoso.com\/pt\/politica-de-privacidade\/","name":"Pol\u00edtica de Privacidade - Morgado Cardoso","isPartOf":{"@id":"https:\/\/morgadocardoso.com\/pt\/#website"},"datePublished":"2022-11-03T12:06:31+00:00","dateModified":"2022-11-04T10:11:35+00:00","description":"Pol\u00edtica de Privacidade - Morgado Cardoso","breadcrumb":{"@id":"https:\/\/morgadocardoso.com\/pt\/politica-de-privacidade\/#breadcrumb"},"inLanguage":"pt-PT","potentialAction":[{"@type":"ReadAction","target":["https:\/\/morgadocardoso.com\/pt\/politica-de-privacidade\/"]}]},{"@type":"BreadcrumbList","@id":"https:\/\/morgadocardoso.com\/pt\/politica-de-privacidade\/#breadcrumb","itemListElement":[{"@type":"ListItem","position":1,"name":"Home","item":"https:\/\/morgadocardoso.com\/pt\/"},{"@type":"ListItem","position":2,"name":"Pol\u00edtica de Privacidade"}]},{"@type":"WebSite","@id":"https:\/\/morgadocardoso.com\/pt\/#website","url":"https:\/\/morgadocardoso.com\/pt\/","name":"Morgado Cardoso","description":"O empreendimento de elei\u00e7\u00e3o para quem procura qualidade de vida aliada \u00e0 arquitetura elegante, conforto e seguran\u00e7a!","publisher":{"@id":"https:\/\/morgadocardoso.com\/pt\/#organization"},"potentialAction":[{"@type":"SearchAction","target":{"@type":"EntryPoint","urlTemplate":"https:\/\/morgadocardoso.com\/pt\/?s={search_term_string}"},"query-input":"required name=search_term_string"}],"inLanguage":"pt-PT"},{"@type":"Organization","@id":"https:\/\/morgadocardoso.com\/pt\/#organization","name":"Morgado Cardoso","url":"https:\/\/morgadocardoso.com\/pt\/","logo":{"@type":"ImageObject","inLanguage":"pt-PT","@id":"https:\/\/morgadocardoso.com\/pt\/#\/schema\/logo\/image\/","url":"https:\/\/morgadocardoso.com\/wp-content\/uploads\/2022\/11\/Logo-Morgado-Cardoso.png","contentUrl":"https:\/\/morgadocardoso.com\/wp-content\/uploads\/2022\/11\/Logo-Morgado-Cardoso.png","width":81,"height":32,"caption":"Morgado Cardoso"},"image":{"@id":"https:\/\/morgadocardoso.com\/pt\/#\/schema\/logo\/image\/"}}]}},"_links":{"self":[{"href":"https:\/\/morgadocardoso.com\/pt\/wp-json\/wp\/v2\/pages\/1489"}],"collection":[{"href":"https:\/\/morgadocardoso.com\/pt\/wp-json\/wp\/v2\/pages"}],"about":[{"href":"https:\/\/morgadocardoso.com\/pt\/wp-json\/wp\/v2\/types\/page"}],"author":[{"embeddable":true,"href":"https:\/\/morgadocardoso.com\/pt\/wp-json\/wp\/v2\/users\/1"}],"replies":[{"embeddable":true,"href":"https:\/\/morgadocardoso.com\/pt\/wp-json\/wp\/v2\/comments?post=1489"}],"version-history":[{"count":8,"href":"https:\/\/morgadocardoso.com\/pt\/wp-json\/wp\/v2\/pages\/1489\/revisions"}],"predecessor-version":[{"id":2150,"href":"https:\/\/morgadocardoso.com\/pt\/wp-json\/wp\/v2\/pages\/1489\/revisions\/2150"}],"wp:attachment":[{"href":"https:\/\/morgadocardoso.com\/pt\/wp-json\/wp\/v2\/media?parent=1489"}],"curies":[{"name":"wp","href":"https:\/\/api.w.org\/{rel}","templated":true}]}}