{"id":1023,"date":"2022-11-02T14:29:03","date_gmt":"2022-11-02T14:29:03","guid":{"rendered":"https:\/\/morgado.zalox.pt\/?page_id=1023"},"modified":"2022-11-03T12:25:18","modified_gmt":"2022-11-03T12:25:18","slug":"termos-e-condicoes","status":"publish","type":"page","link":"https:\/\/morgadocardoso.com\/pt\/termos-e-condicoes\/","title":{"rendered":"Termos e Condi\u00e7\u00f5es"},"content":{"rendered":"\t\t<div data-elementor-type=\"wp-page\" data-elementor-id=\"1023\" class=\"elementor elementor-1023\">\n\t\t\t\t\t\t\t\t\t<section class=\"elementor-section elementor-top-section elementor-element elementor-element-ebf8296 elementor-section-boxed elementor-section-height-default elementor-section-height-default\" data-id=\"ebf8296\" data-element_type=\"section\">\n\t\t\t\t\t\t<div class=\"elementor-container elementor-column-gap-no\">\n\t\t\t\t\t<div class=\"elementor-column elementor-col-100 elementor-top-column elementor-element elementor-element-3723080\" data-id=\"3723080\" data-element_type=\"column\">\n\t\t\t<div class=\"elementor-widget-wrap elementor-element-populated\">\n\t\t\t\t\t\t\t\t<div class=\"elementor-element elementor-element-e80831b elementor-widget elementor-widget-heading\" data-id=\"e80831b\" data-element_type=\"widget\" data-widget_type=\"heading.default\">\n\t\t\t\t<div class=\"elementor-widget-container\">\n\t\t\t<style>\/*! elementor - v3.12.2 - 23-04-2023 *\/\n.elementor-heading-title{padding:0;margin:0;line-height:1}.elementor-widget-heading .elementor-heading-title[class*=elementor-size-]>a{color:inherit;font-size:inherit;line-height:inherit}.elementor-widget-heading .elementor-heading-title.elementor-size-small{font-size:15px}.elementor-widget-heading .elementor-heading-title.elementor-size-medium{font-size:19px}.elementor-widget-heading .elementor-heading-title.elementor-size-large{font-size:29px}.elementor-widget-heading .elementor-heading-title.elementor-size-xl{font-size:39px}.elementor-widget-heading .elementor-heading-title.elementor-size-xxl{font-size:59px}<\/style><h1 class=\"elementor-heading-title elementor-size-default\">TERMOS E CONDI\u00c7\u00d5ES<\/h1>\t\t<\/div>\n\t\t\t\t<\/div>\n\t\t\t\t<div class=\"elementor-element elementor-element-6a2658f elementor-widget elementor-widget-text-editor\" data-id=\"6a2658f\" data-element_type=\"widget\" data-widget_type=\"text-editor.default\">\n\t\t\t\t<div class=\"elementor-widget-container\">\n\t\t\t<style>\/*! elementor - v3.12.2 - 23-04-2023 *\/\n.elementor-widget-text-editor.elementor-drop-cap-view-stacked .elementor-drop-cap{background-color:#69727d;color:#fff}.elementor-widget-text-editor.elementor-drop-cap-view-framed .elementor-drop-cap{color:#69727d;border:3px solid;background-color:transparent}.elementor-widget-text-editor:not(.elementor-drop-cap-view-default) .elementor-drop-cap{margin-top:8px}.elementor-widget-text-editor:not(.elementor-drop-cap-view-default) .elementor-drop-cap-letter{width:1em;height:1em}.elementor-widget-text-editor .elementor-drop-cap{float:left;text-align:center;line-height:1;font-size:50px}.elementor-widget-text-editor .elementor-drop-cap-letter{display:inline-block}<\/style>\t\t\t\t<p><strong>1. Informa\u00e7\u00e3o legal<\/strong><\/p><p>Morgado Cardoso S.A. \u00e9 uma empresa registada sob o n\u00famero PT505866501.<\/p><p>Morada: Rua Padre Himalaya, 50A 4100-553 Porto<\/p><p>Telefone: 226181646<\/p><p>E-mail: geral@morgadocardoso.com<\/p><p>N\u00famero de contribuinte: 505866501<\/p><p>Registo comercial: Conservat\u00f3ria do Registo Comercial do Porto<\/p><p>A parte acima mencionada \u00e9 respons\u00e1vel pelo conte\u00fado do site www.morgadocardoso.com<\/p>\t\t\t\t\t\t<\/div>\n\t\t\t\t<\/div>\n\t\t\t\t<div class=\"elementor-element elementor-element-17a7b91 elementor-widget elementor-widget-text-editor\" data-id=\"17a7b91\" data-element_type=\"widget\" data-widget_type=\"text-editor.default\">\n\t\t\t\t<div class=\"elementor-widget-container\">\n\t\t\t\t\t\t\t<p><b>2. Condi\u00e7\u00f5es de Utiliza\u00e7\u00e3o<\/b><\/p><p>Ao utilizar o site www.morgadocardoso.com est\u00e1 automaticamente a aceitar as condi\u00e7\u00f5es aqui descritas. A Morgado Cardoso S.A. reserva-se no direito de, em qualquer altura, modificar, alterar, ou atualizar o presente regulamento, assim como o conte\u00fado deste site, n\u00e3o necessitando de qualquer comunica\u00e7\u00e3o pr\u00e9via aos utilizadores e produzindo efeitos imediatos ap\u00f3s a sua publica\u00e7\u00e3o online.<\/p>\t\t\t\t\t\t<\/div>\n\t\t\t\t<\/div>\n\t\t\t\t<div class=\"elementor-element elementor-element-cdb0404 elementor-widget elementor-widget-text-editor\" data-id=\"cdb0404\" data-element_type=\"widget\" data-widget_type=\"text-editor.default\">\n\t\t\t\t<div class=\"elementor-widget-container\">\n\t\t\t\t\t\t\t<p><b style=\"color: var( --e-global-color-text ); font-family: var( --e-global-typography-secondary-font-family ), Sans-serif; font-size: var( --e-global-typography-secondary-font-size ); font-style: var( --e-global-typography-secondary-font-style ); text-transform: var( --e-global-typography-secondary-text-transform );\">3. Direitos de autor<\/b><\/p><p>Todos os conte\u00fados inclu\u00eddos neste site, tais como: texto, imagens, logos, \u00edcones, clips \u00e1udio visuais e software, constituem propriedade da Morgado Cardoso S.A. e encontram-se protegidos pela Lei Internacional de Direitos de Autor. Assim, a sua reprodu\u00e7\u00e3o, c\u00f3pia e divulga\u00e7\u00e3o est\u00e1 sujeita \u00e0 autoriza\u00e7\u00e3o pr\u00e9via dos seus titulares.<\/p>\t\t\t\t\t\t<\/div>\n\t\t\t\t<\/div>\n\t\t\t\t<div class=\"elementor-element elementor-element-dc8464f elementor-widget elementor-widget-text-editor\" data-id=\"dc8464f\" data-element_type=\"widget\" data-widget_type=\"text-editor.default\">\n\t\t\t\t<div class=\"elementor-widget-container\">\n\t\t\t\t\t\t\t<p><b style=\"color: var( --e-global-color-text ); font-family: var( --e-global-typography-secondary-font-family ), Sans-serif; font-size: var( --e-global-typography-secondary-font-size ); font-style: var( --e-global-typography-secondary-font-style ); text-transform: var( --e-global-typography-secondary-text-transform );\">4. Responsabilidades<\/b><\/p><p>Toda a informa\u00e7\u00e3o inclu\u00edda neste site serve apenas para fins informativos. A Morgado Cardoso S.A. far\u00e1 todos os poss\u00edveis para que a informa\u00e7\u00e3o apresentada n\u00e3o contenha erros tipogr\u00e1ficos e que esteja sempre atualizada, n\u00e3o podendo contudo ser responsabilizada por eventuais falhas, erros ou omiss\u00f5es nos conte\u00fados do site. O site www.morgadocardoso.com apresenta os n\u00edveis de seguran\u00e7a adequados contudo, a Morgado Cardoso S.A. n\u00e3o garante a aus\u00eancia de v\u00edrus ou elementos semelhantes nos documentos eletr\u00f3nicos e ficheiros armazenados no seu sistema inform\u00e1tico e no site que possam produzir altera\u00e7\u00f5es de software e hardware para o utilizador. A utiliza\u00e7\u00e3o do nosso site e dos seus conte\u00fados implica a aceita\u00e7\u00e3o dos riscos anteriores por parte do utilizador estando a Morgado Cardoso S.A. isenta de qualquer responsabilidade por todo o tipo de danos e preju\u00edzos derivados da eventual presen\u00e7a de v\u00edrus, a\u00e7\u00f5es de terceiros ou outros elementos an\u00e1logos.<\/p>\t\t\t\t\t\t<\/div>\n\t\t\t\t<\/div>\n\t\t\t\t<div class=\"elementor-element elementor-element-e9e0334 elementor-widget elementor-widget-text-editor\" data-id=\"e9e0334\" data-element_type=\"widget\" data-widget_type=\"text-editor.default\">\n\t\t\t\t<div class=\"elementor-widget-container\">\n\t\t\t\t\t\t\t<p><b style=\"color: var( --e-global-color-text ); font-family: var( --e-global-typography-secondary-font-family ), Sans-serif; font-size: var( --e-global-typography-secondary-font-size ); font-style: var( --e-global-typography-secondary-font-style ); text-transform: var( --e-global-typography-secondary-text-transform );\">5. Resolu\u00e7\u00e3o de conflitos<\/b><\/p><p>Em caso de lit\u00edgio o consumidor pode recorrer a uma entidade de resolu\u00e7\u00e3o alternativa de lit\u00edgios de consumo: Tribunal Arbitral do Centro de Informa\u00e7\u00e3o de Consumo e Arbitragem do Porto.<\/p><p>Morada: Rua Dami\u00e3o de G\u00f3is, 31, Loja 6, 4050-225, Porto<\/p>\t\t\t\t\t\t<\/div>\n\t\t\t\t<\/div>\n\t\t\t\t\t<\/div>\n\t\t<\/div>\n\t\t\t\t\t\t\t<\/div>\n\t\t<\/section>\n\t\t\t\t\t\t\t<\/div>\n\t\t","protected":false},"excerpt":{"rendered":"<p>TERMOS E CONDI\u00c7\u00d5ES 1. Informa\u00e7\u00e3o legal Morgado Cardoso S.A. \u00e9 uma empresa registada sob o n\u00famero PT505866501. Morada: Rua Padre Himalaya, 50A 4100-553 Porto Telefone: 226181646 E-mail: geral@morgadocardoso.com N\u00famero de contribuinte: 505866501 Registo comercial: Conservat\u00f3ria do Registo Comercial do Porto A parte acima mencionada \u00e9 respons\u00e1vel pelo conte\u00fado do site www.morgadocardoso.com 2. Condi\u00e7\u00f5es de Utiliza\u00e7\u00e3o [&hellip;]<\/p>\n","protected":false},"author":1,"featured_media":0,"parent":0,"menu_order":0,"comment_status":"closed","ping_status":"closed","template":"","meta":[],"yoast_head":"<!-- This site is optimized with the Yoast SEO plugin v20.6 - https:\/\/yoast.com\/wordpress\/plugins\/seo\/ -->\n<title>Termos e Condi\u00e7\u00f5es - Morgado Cardoso<\/title>\n<meta name=\"description\" content=\"Termos e Condi\u00e7\u00f5es - Morgado Cardoso\" \/>\n<meta name=\"robots\" content=\"noindex, follow\" \/>\n<meta property=\"og:locale\" content=\"pt_PT\" \/>\n<meta property=\"og:type\" content=\"article\" \/>\n<meta property=\"og:title\" content=\"Termos e Condi\u00e7\u00f5es - Morgado Cardoso\" \/>\n<meta property=\"og:description\" content=\"Termos e Condi\u00e7\u00f5es - Morgado Cardoso\" \/>\n<meta property=\"og:url\" content=\"https:\/\/morgadocardoso.com\/pt\/termos-e-condicoes\/\" \/>\n<meta property=\"og:site_name\" content=\"Morgado Cardoso\" \/>\n<meta property=\"article:modified_time\" content=\"2022-11-03T12:25:18+00:00\" \/>\n<meta name=\"twitter:card\" content=\"summary_large_image\" \/>\n<meta name=\"twitter:label1\" content=\"Tempo estimado de leitura\" \/>\n\t<meta name=\"twitter:data1\" content=\"2 minutos\" \/>\n<script type=\"application\/ld+json\" class=\"yoast-schema-graph\">{\"@context\":\"https:\/\/schema.org\",\"@graph\":[{\"@type\":\"WebPage\",\"@id\":\"https:\/\/morgadocardoso.com\/pt\/termos-e-condicoes\/\",\"url\":\"https:\/\/morgadocardoso.com\/pt\/termos-e-condicoes\/\",\"name\":\"Termos e Condi\u00e7\u00f5es - Morgado Cardoso\",\"isPartOf\":{\"@id\":\"https:\/\/morgadocardoso.com\/pt\/#website\"},\"datePublished\":\"2022-11-02T14:29:03+00:00\",\"dateModified\":\"2022-11-03T12:25:18+00:00\",\"description\":\"Termos e Condi\u00e7\u00f5es - Morgado Cardoso\",\"breadcrumb\":{\"@id\":\"https:\/\/morgadocardoso.com\/pt\/termos-e-condicoes\/#breadcrumb\"},\"inLanguage\":\"pt-PT\",\"potentialAction\":[{\"@type\":\"ReadAction\",\"target\":[\"https:\/\/morgadocardoso.com\/pt\/termos-e-condicoes\/\"]}]},{\"@type\":\"BreadcrumbList\",\"@id\":\"https:\/\/morgadocardoso.com\/pt\/termos-e-condicoes\/#breadcrumb\",\"itemListElement\":[{\"@type\":\"ListItem\",\"position\":1,\"name\":\"Home\",\"item\":\"https:\/\/morgadocardoso.com\/pt\/\"},{\"@type\":\"ListItem\",\"position\":2,\"name\":\"Termos e Condi\u00e7\u00f5es\"}]},{\"@type\":\"WebSite\",\"@id\":\"https:\/\/morgadocardoso.com\/pt\/#website\",\"url\":\"https:\/\/morgadocardoso.com\/pt\/\",\"name\":\"Morgado Cardoso\",\"description\":\"O empreendimento de elei\u00e7\u00e3o para quem procura qualidade de vida aliada \u00e0 arquitetura elegante, conforto e seguran\u00e7a!\",\"publisher\":{\"@id\":\"https:\/\/morgadocardoso.com\/pt\/#organization\"},\"potentialAction\":[{\"@type\":\"SearchAction\",\"target\":{\"@type\":\"EntryPoint\",\"urlTemplate\":\"https:\/\/morgadocardoso.com\/pt\/?s={search_term_string}\"},\"query-input\":\"required name=search_term_string\"}],\"inLanguage\":\"pt-PT\"},{\"@type\":\"Organization\",\"@id\":\"https:\/\/morgadocardoso.com\/pt\/#organization\",\"name\":\"Morgado Cardoso\",\"url\":\"https:\/\/morgadocardoso.com\/pt\/\",\"logo\":{\"@type\":\"ImageObject\",\"inLanguage\":\"pt-PT\",\"@id\":\"https:\/\/morgadocardoso.com\/pt\/#\/schema\/logo\/image\/\",\"url\":\"https:\/\/morgadocardoso.com\/wp-content\/uploads\/2022\/11\/Logo-Morgado-Cardoso.png\",\"contentUrl\":\"https:\/\/morgadocardoso.com\/wp-content\/uploads\/2022\/11\/Logo-Morgado-Cardoso.png\",\"width\":81,\"height\":32,\"caption\":\"Morgado Cardoso\"},\"image\":{\"@id\":\"https:\/\/morgadocardoso.com\/pt\/#\/schema\/logo\/image\/\"}}]}<\/script>\n<!-- \/ Yoast SEO plugin. -->","yoast_head_json":{"title":"Termos e Condi\u00e7\u00f5es - Morgado Cardoso","description":"Termos e Condi\u00e7\u00f5es - Morgado Cardoso","robots":{"index":"noindex","follow":"follow"},"og_locale":"pt_PT","og_type":"article","og_title":"Termos e Condi\u00e7\u00f5es - Morgado Cardoso","og_description":"Termos e Condi\u00e7\u00f5es - Morgado Cardoso","og_url":"https:\/\/morgadocardoso.com\/pt\/termos-e-condicoes\/","og_site_name":"Morgado Cardoso","article_modified_time":"2022-11-03T12:25:18+00:00","twitter_card":"summary_large_image","twitter_misc":{"Tempo estimado de leitura":"2 minutos"},"schema":{"@context":"https:\/\/schema.org","@graph":[{"@type":"WebPage","@id":"https:\/\/morgadocardoso.com\/pt\/termos-e-condicoes\/","url":"https:\/\/morgadocardoso.com\/pt\/termos-e-condicoes\/","name":"Termos e Condi\u00e7\u00f5es - Morgado Cardoso","isPartOf":{"@id":"https:\/\/morgadocardoso.com\/pt\/#website"},"datePublished":"2022-11-02T14:29:03+00:00","dateModified":"2022-11-03T12:25:18+00:00","description":"Termos e Condi\u00e7\u00f5es - Morgado Cardoso","breadcrumb":{"@id":"https:\/\/morgadocardoso.com\/pt\/termos-e-condicoes\/#breadcrumb"},"inLanguage":"pt-PT","potentialAction":[{"@type":"ReadAction","target":["https:\/\/morgadocardoso.com\/pt\/termos-e-condicoes\/"]}]},{"@type":"BreadcrumbList","@id":"https:\/\/morgadocardoso.com\/pt\/termos-e-condicoes\/#breadcrumb","itemListElement":[{"@type":"ListItem","position":1,"name":"Home","item":"https:\/\/morgadocardoso.com\/pt\/"},{"@type":"ListItem","position":2,"name":"Termos e Condi\u00e7\u00f5es"}]},{"@type":"WebSite","@id":"https:\/\/morgadocardoso.com\/pt\/#website","url":"https:\/\/morgadocardoso.com\/pt\/","name":"Morgado Cardoso","description":"O empreendimento de elei\u00e7\u00e3o para quem procura qualidade de vida aliada \u00e0 arquitetura elegante, conforto e seguran\u00e7a!","publisher":{"@id":"https:\/\/morgadocardoso.com\/pt\/#organization"},"potentialAction":[{"@type":"SearchAction","target":{"@type":"EntryPoint","urlTemplate":"https:\/\/morgadocardoso.com\/pt\/?s={search_term_string}"},"query-input":"required name=search_term_string"}],"inLanguage":"pt-PT"},{"@type":"Organization","@id":"https:\/\/morgadocardoso.com\/pt\/#organization","name":"Morgado Cardoso","url":"https:\/\/morgadocardoso.com\/pt\/","logo":{"@type":"ImageObject","inLanguage":"pt-PT","@id":"https:\/\/morgadocardoso.com\/pt\/#\/schema\/logo\/image\/","url":"https:\/\/morgadocardoso.com\/wp-content\/uploads\/2022\/11\/Logo-Morgado-Cardoso.png","contentUrl":"https:\/\/morgadocardoso.com\/wp-content\/uploads\/2022\/11\/Logo-Morgado-Cardoso.png","width":81,"height":32,"caption":"Morgado Cardoso"},"image":{"@id":"https:\/\/morgadocardoso.com\/pt\/#\/schema\/logo\/image\/"}}]}},"_links":{"self":[{"href":"https:\/\/morgadocardoso.com\/pt\/wp-json\/wp\/v2\/pages\/1023"}],"collection":[{"href":"https:\/\/morgadocardoso.com\/pt\/wp-json\/wp\/v2\/pages"}],"about":[{"href":"https:\/\/morgadocardoso.com\/pt\/wp-json\/wp\/v2\/types\/page"}],"author":[{"embeddable":true,"href":"https:\/\/morgadocardoso.com\/pt\/wp-json\/wp\/v2\/users\/1"}],"replies":[{"embeddable":true,"href":"https:\/\/morgadocardoso.com\/pt\/wp-json\/wp\/v2\/comments?post=1023"}],"version-history":[{"count":14,"href":"https:\/\/morgadocardoso.com\/pt\/wp-json\/wp\/v2\/pages\/1023\/revisions"}],"predecessor-version":[{"id":1497,"href":"https:\/\/morgadocardoso.com\/pt\/wp-json\/wp\/v2\/pages\/1023\/revisions\/1497"}],"wp:attachment":[{"href":"https:\/\/morgadocardoso.com\/pt\/wp-json\/wp\/v2\/media?parent=1023"}],"curies":[{"name":"wp","href":"https:\/\/api.w.org\/{rel}","templated":true}]}}