{"id":2639,"date":"2022-11-04T09:51:55","date_gmt":"2022-11-04T09:51:55","guid":{"rendered":"https:\/\/morgado.zalox.pt\/mouzinho-de-albuquerque-building\/"},"modified":"2022-11-09T14:19:50","modified_gmt":"2022-11-09T14:19:50","slug":"mouzinho-de-albuquerque-building","status":"publish","type":"page","link":"https:\/\/morgadocardoso.com\/en\/mouzinho-de-albuquerque-building\/","title":{"rendered":"Mouzinho de Albuquerque Building"},"content":{"rendered":"\t\t<div data-elementor-type=\"wp-page\" data-elementor-id=\"2639\" class=\"elementor elementor-2639 elementor-2125\">\n\t\t\t\t\t\t\t\t\t<section class=\"elementor-section elementor-top-section elementor-element elementor-element-4738f1d elementor-section-full_width elementor-section-height-default elementor-section-height-default\" data-id=\"4738f1d\" data-element_type=\"section\">\n\t\t\t\t\t\t<div class=\"elementor-container elementor-column-gap-no\">\n\t\t\t\t\t<div class=\"elementor-column elementor-col-100 elementor-top-column elementor-element elementor-element-c5309c1\" data-id=\"c5309c1\" data-element_type=\"column\">\n\t\t\t<div class=\"elementor-widget-wrap elementor-element-populated\">\n\t\t\t\t\t\t\t\t<div class=\"elementor-element elementor-element-ee1a00b elementor-widget elementor-widget-image\" data-id=\"ee1a00b\" data-element_type=\"widget\" data-widget_type=\"image.default\">\n\t\t\t\t<div class=\"elementor-widget-container\">\n\t\t\t<style>\/*! elementor - v3.12.2 - 23-04-2023 *\/\n.elementor-widget-image{text-align:center}.elementor-widget-image a{display:inline-block}.elementor-widget-image a img[src$=\".svg\"]{width:48px}.elementor-widget-image img{vertical-align:middle;display:inline-block}<\/style>\t\t\t\t\t\t\t\t\t\t\t\t<img decoding=\"async\" width=\"1300\" height=\"867\" src=\"https:\/\/morgadocardoso.com\/wp-content\/uploads\/2022\/11\/casa33.jpeg\" class=\"attachment-full size-full wp-image-2129\" alt=\"\" loading=\"lazy\" srcset=\"https:\/\/morgadocardoso.com\/wp-content\/uploads\/2022\/11\/casa33.jpeg 1300w, https:\/\/morgadocardoso.com\/wp-content\/uploads\/2022\/11\/casa33-600x400.jpeg 600w, https:\/\/morgadocardoso.com\/wp-content\/uploads\/2022\/11\/casa33-1024x683.jpeg 1024w, https:\/\/morgadocardoso.com\/wp-content\/uploads\/2022\/11\/casa33-150x100.jpeg 150w, https:\/\/morgadocardoso.com\/wp-content\/uploads\/2022\/11\/casa33-768x512.jpeg 768w, https:\/\/morgadocardoso.com\/wp-content\/uploads\/2022\/11\/casa33-960x640.jpeg 960w\" sizes=\"(max-width: 1300px) 100vw, 1300px\" \/>\t\t\t\t\t\t\t\t\t\t\t\t\t\t\t<\/div>\n\t\t\t\t<\/div>\n\t\t\t\t\t<\/div>\n\t\t<\/div>\n\t\t\t\t\t\t\t<\/div>\n\t\t<\/section>\n\t\t\t\t<section class=\"elementor-section elementor-top-section elementor-element elementor-element-a5539c1 elementor-section-boxed elementor-section-height-default elementor-section-height-default\" data-id=\"a5539c1\" data-element_type=\"section\">\n\t\t\t\t\t\t<div class=\"elementor-container elementor-column-gap-no\">\n\t\t\t\t\t<div class=\"elementor-column elementor-col-50 elementor-top-column elementor-element elementor-element-f6fa484\" data-id=\"f6fa484\" data-element_type=\"column\">\n\t\t\t<div class=\"elementor-widget-wrap elementor-element-populated\">\n\t\t\t\t\t\t\t\t<div class=\"elementor-element elementor-element-6e49b87 elementor-widget elementor-widget-text-editor\" data-id=\"6e49b87\" data-element_type=\"widget\" data-widget_type=\"text-editor.default\">\n\t\t\t\t<div class=\"elementor-widget-container\">\n\t\t\t<style>\/*! elementor - v3.12.2 - 23-04-2023 *\/\n.elementor-widget-text-editor.elementor-drop-cap-view-stacked .elementor-drop-cap{background-color:#69727d;color:#fff}.elementor-widget-text-editor.elementor-drop-cap-view-framed .elementor-drop-cap{color:#69727d;border:3px solid;background-color:transparent}.elementor-widget-text-editor:not(.elementor-drop-cap-view-default) .elementor-drop-cap{margin-top:8px}.elementor-widget-text-editor:not(.elementor-drop-cap-view-default) .elementor-drop-cap-letter{width:1em;height:1em}.elementor-widget-text-editor .elementor-drop-cap{float:left;text-align:center;line-height:1;font-size:50px}.elementor-widget-text-editor .elementor-drop-cap-letter{display:inline-block}<\/style>\t\t\t\t<p><span class=\"span-text\" style=\"-webkit-tap-highlight-color: transparent; display: block; font-family: Barlows; background-color: #ffffff;\">With a privileged location next to the She changes sculpture (anemone) and with sea sight, the building is located in one of the best areas of the city.<br \/>The condominium is composed of 8 floors, six consisting of apartments and two destined for storage and parking places. From 1 bedroom to 4 bedroom apartments, all the home options offer excellent areas and high-quality finishes.<\/span><\/p>\n\t\t\t\t\t\t<\/div>\n\t\t\t\t<\/div>\n\t\t\t\t\t<\/div>\n\t\t<\/div>\n\t\t\t\t<div class=\"elementor-column elementor-col-50 elementor-top-column elementor-element elementor-element-03f7bb3\" data-id=\"03f7bb3\" data-element_type=\"column\">\n\t\t\t<div class=\"elementor-widget-wrap elementor-element-populated\">\n\t\t\t\t\t\t\t\t<div class=\"elementor-element elementor-element-0371a4d elementor-widget elementor-widget-heading\" data-id=\"0371a4d\" data-element_type=\"widget\" data-widget_type=\"heading.default\">\n\t\t\t\t<div class=\"elementor-widget-container\">\n\t\t\t<style>\/*! elementor - v3.12.2 - 23-04-2023 *\/\n.elementor-heading-title{padding:0;margin:0;line-height:1}.elementor-widget-heading .elementor-heading-title[class*=elementor-size-]>a{color:inherit;font-size:inherit;line-height:inherit}.elementor-widget-heading .elementor-heading-title.elementor-size-small{font-size:15px}.elementor-widget-heading .elementor-heading-title.elementor-size-medium{font-size:19px}.elementor-widget-heading .elementor-heading-title.elementor-size-large{font-size:29px}.elementor-widget-heading .elementor-heading-title.elementor-size-xl{font-size:39px}.elementor-widget-heading .elementor-heading-title.elementor-size-xxl{font-size:59px}<\/style><h2 class=\"elementor-heading-title elementor-size-default\">The perfect home for those looking for quality of life coupled with elegant architecture, comfort and security.<\/h2>\t\t<\/div>\n\t\t\t\t<\/div>\n\t\t\t\t<div class=\"elementor-element elementor-element-8384d70 elementor-widget__width-initial elementor-widget elementor-widget-spacer\" data-id=\"8384d70\" data-element_type=\"widget\" data-widget_type=\"spacer.default\">\n\t\t\t\t<div class=\"elementor-widget-container\">\n\t\t\t<style>\/*! elementor - v3.12.2 - 23-04-2023 *\/\n.elementor-column .elementor-spacer-inner{height:var(--spacer-size)}.e-con{--container-widget-width:100%}.e-con-inner>.elementor-widget-spacer,.e-con>.elementor-widget-spacer{width:var(--container-widget-width,var(--spacer-size));--align-self:var(--container-widget-align-self,initial);--flex-shrink:0}.e-con-inner>.elementor-widget-spacer>.elementor-widget-container,.e-con-inner>.elementor-widget-spacer>.elementor-widget-container>.elementor-spacer,.e-con>.elementor-widget-spacer>.elementor-widget-container,.e-con>.elementor-widget-spacer>.elementor-widget-container>.elementor-spacer{height:100%}.e-con-inner>.elementor-widget-spacer>.elementor-widget-container>.elementor-spacer>.elementor-spacer-inner,.e-con>.elementor-widget-spacer>.elementor-widget-container>.elementor-spacer>.elementor-spacer-inner{height:var(--container-widget-height,var(--spacer-size))}<\/style>\t\t<div class=\"elementor-spacer\">\n\t\t\t<div class=\"elementor-spacer-inner\"><\/div>\n\t\t<\/div>\n\t\t\t\t<\/div>\n\t\t\t\t<\/div>\n\t\t\t\t\t<\/div>\n\t\t<\/div>\n\t\t\t\t\t\t\t<\/div>\n\t\t<\/section>\n\t\t\t\t<section class=\"elementor-section elementor-top-section elementor-element elementor-element-74d3556 elementor-section-boxed elementor-section-height-default elementor-section-height-default\" data-id=\"74d3556\" data-element_type=\"section\">\n\t\t\t\t\t\t<div class=\"elementor-container elementor-column-gap-no\">\n\t\t\t\t\t<div class=\"elementor-column elementor-col-100 elementor-top-column elementor-element elementor-element-4ca2102\" data-id=\"4ca2102\" data-element_type=\"column\">\n\t\t\t<div class=\"elementor-widget-wrap elementor-element-populated\">\n\t\t\t\t\t\t\t\t<div class=\"elementor-element elementor-element-4f93131 elementor-widget elementor-widget-template\" data-id=\"4f93131\" data-element_type=\"widget\" data-widget_type=\"template.default\">\n\t\t\t\t<div class=\"elementor-widget-container\">\n\t\t\t\t\t<div class=\"elementor-template\">\n\t\t\t\t\t<div data-elementor-type=\"page\" data-elementor-id=\"2750\" class=\"elementor elementor-2750 elementor-2236\">\n\t\t\t\t\t\t\t\t\t<section class=\"elementor-section elementor-top-section elementor-element elementor-element-f54c437 elementor-section-full_width elementor-section-height-default elementor-section-height-default\" data-id=\"f54c437\" data-element_type=\"section\">\n\t\t\t\t\t\t<div class=\"elementor-container elementor-column-gap-no\">\n\t\t\t\t\t<div class=\"elementor-column elementor-col-100 elementor-top-column elementor-element elementor-element-37d3bc7\" data-id=\"37d3bc7\" data-element_type=\"column\">\n\t\t\t<div class=\"elementor-widget-wrap elementor-element-populated\">\n\t\t\t\t\t\t\t\t<section class=\"elementor-section elementor-inner-section elementor-element elementor-element-9767e99 elementor-section-boxed elementor-section-height-default elementor-section-height-default\" data-id=\"9767e99\" data-element_type=\"section\">\n\t\t\t\t\t\t<div class=\"elementor-container elementor-column-gap-no\">\n\t\t\t\t\t<div class=\"elementor-column elementor-col-100 elementor-inner-column elementor-element elementor-element-ae5b4ca\" data-id=\"ae5b4ca\" data-element_type=\"column\">\n\t\t\t<div class=\"elementor-widget-wrap elementor-element-populated\">\n\t\t\t\t\t\t\t\t<div class=\"elementor-element elementor-element-0bedbfa elementor-widget elementor-widget-heading\" data-id=\"0bedbfa\" data-element_type=\"widget\" data-widget_type=\"heading.default\">\n\t\t\t\t<div class=\"elementor-widget-container\">\n\t\t\t<h1 class=\"elementor-heading-title elementor-size-default\">TYPOLOGIES<\/h1>\t\t<\/div>\n\t\t\t\t<\/div>\n\t\t\t\t<div class=\"elementor-element elementor-element-bb57d63 elementor-widget__width-initial elementor-widget elementor-widget-spacer\" data-id=\"bb57d63\" data-element_type=\"widget\" data-widget_type=\"spacer.default\">\n\t\t\t\t<div class=\"elementor-widget-container\">\n\t\t\t\t\t<div class=\"elementor-spacer\">\n\t\t\t<div class=\"elementor-spacer-inner\"><\/div>\n\t\t<\/div>\n\t\t\t\t<\/div>\n\t\t\t\t<\/div>\n\t\t\t\t<section class=\"elementor-section elementor-inner-section elementor-element elementor-element-7f22d99 elementor-section-full_width elementor-section-height-default elementor-section-height-default\" data-id=\"7f22d99\" data-element_type=\"section\">\n\t\t\t\t\t\t<div class=\"elementor-container elementor-column-gap-no\">\n\t\t\t\t\t<div class=\"elementor-column elementor-col-25 elementor-inner-column elementor-element elementor-element-a708c8c\" data-id=\"a708c8c\" data-element_type=\"column\" data-settings=\"{&quot;background_background&quot;:&quot;classic&quot;}\">\n\t\t\t<div class=\"elementor-widget-wrap elementor-element-populated\">\n\t\t\t\t\t\t\t\t<div class=\"elementor-element elementor-element-da71b00 elementor-widget elementor-widget-heading\" data-id=\"da71b00\" data-element_type=\"widget\" data-widget_type=\"heading.default\">\n\t\t\t\t<div class=\"elementor-widget-container\">\n\t\t\t<h3 class=\"elementor-heading-title elementor-size-default\">T1<\/h3>\t\t<\/div>\n\t\t\t\t<\/div>\n\t\t\t\t\t<\/div>\n\t\t<\/div>\n\t\t\t\t<div class=\"elementor-column elementor-col-25 elementor-inner-column elementor-element elementor-element-47030a7\" data-id=\"47030a7\" data-element_type=\"column\" data-settings=\"{&quot;background_background&quot;:&quot;classic&quot;}\">\n\t\t\t<div class=\"elementor-widget-wrap elementor-element-populated\">\n\t\t\t\t\t\t\t\t<div class=\"elementor-element elementor-element-e7f7a2f elementor-widget elementor-widget-heading\" data-id=\"e7f7a2f\" data-element_type=\"widget\" data-widget_type=\"heading.default\">\n\t\t\t\t<div class=\"elementor-widget-container\">\n\t\t\t<h3 class=\"elementor-heading-title elementor-size-default\">T2<\/h3>\t\t<\/div>\n\t\t\t\t<\/div>\n\t\t\t\t\t<\/div>\n\t\t<\/div>\n\t\t\t\t<div class=\"elementor-column elementor-col-25 elementor-inner-column elementor-element elementor-element-a9d6261\" data-id=\"a9d6261\" data-element_type=\"column\">\n\t\t\t<div class=\"elementor-widget-wrap elementor-element-populated\">\n\t\t\t\t\t\t\t\t<div class=\"elementor-element elementor-element-eeb78e3 elementor-align-justify elementor-widget elementor-widget-button\" data-id=\"eeb78e3\" data-element_type=\"widget\" data-widget_type=\"button.default\">\n\t\t\t\t<div class=\"elementor-widget-container\">\n\t\t\t\t\t<div class=\"elementor-button-wrapper\">\n\t\t\t<a href=\"https:\/\/morgadocardoso.com\/pt\/tipologias\/t3\/\" class=\"elementor-button-link elementor-button elementor-size-sm\" role=\"button\">\n\t\t\t\t\t\t<span class=\"elementor-button-content-wrapper\">\n\t\t\t\t\t\t<span class=\"elementor-button-text\">T3<\/span>\n\t\t<\/span>\n\t\t\t\t\t<\/a>\n\t\t<\/div>\n\t\t\t\t<\/div>\n\t\t\t\t<\/div>\n\t\t\t\t\t<\/div>\n\t\t<\/div>\n\t\t\t\t<div class=\"elementor-column elementor-col-25 elementor-inner-column elementor-element elementor-element-a36e6df\" data-id=\"a36e6df\" data-element_type=\"column\">\n\t\t\t<div class=\"elementor-widget-wrap elementor-element-populated\">\n\t\t\t\t\t\t\t\t<div class=\"elementor-element elementor-element-ea6ba74 elementor-align-justify elementor-widget elementor-widget-button\" data-id=\"ea6ba74\" data-element_type=\"widget\" data-widget_type=\"button.default\">\n\t\t\t\t<div class=\"elementor-widget-container\">\n\t\t\t\t\t<div class=\"elementor-button-wrapper\">\n\t\t\t<a href=\"https:\/\/morgadocardoso.com\/pt\/tipologias\/t4\/\" class=\"elementor-button-link elementor-button elementor-size-sm\" role=\"button\">\n\t\t\t\t\t\t<span class=\"elementor-button-content-wrapper\">\n\t\t\t\t\t\t<span class=\"elementor-button-text\">T4<\/span>\n\t\t<\/span>\n\t\t\t\t\t<\/a>\n\t\t<\/div>\n\t\t\t\t<\/div>\n\t\t\t\t<\/div>\n\t\t\t\t\t<\/div>\n\t\t<\/div>\n\t\t\t\t\t\t\t<\/div>\n\t\t<\/section>\n\t\t\t\t\t<\/div>\n\t\t<\/div>\n\t\t\t\t\t\t\t<\/div>\n\t\t<\/section>\n\t\t\t\t\t<\/div>\n\t\t<\/div>\n\t\t\t\t\t\t\t<\/div>\n\t\t<\/section>\n\t\t\t\t\t\t\t<\/div>\n\t\t\t\t<\/div>\n\t\t\t\t<\/div>\n\t\t\t\t<\/div>\n\t\t\t\t\t<\/div>\n\t\t<\/div>\n\t\t\t\t\t\t\t<\/div>\n\t\t<\/section>\n\t\t\t\t\t\t\t<\/div>\n\t\t","protected":false},"excerpt":{"rendered":"<p>With a privileged location next to the She changes sculpture (anemone) and with sea sight, the building is located in one of the best areas of the city.The condominium is composed of 8 floors, six consisting of apartments and two destined for storage and parking places. From 1 bedroom to 4 bedroom apartments, all the [&hellip;]<\/p>\n","protected":false},"author":1,"featured_media":0,"parent":0,"menu_order":0,"comment_status":"closed","ping_status":"closed","template":"","meta":[],"yoast_head":"<!-- This site is optimized with the Yoast SEO plugin v20.6 - https:\/\/yoast.com\/wordpress\/plugins\/seo\/ -->\n<title>Mouzinho de Albuquerque Building - Morgado Cardoso<\/title>\n<meta name=\"description\" content=\"Mouzinho de Albuquerque Building - Morgado Cardoso\" \/>\n<meta name=\"robots\" content=\"noindex, follow\" \/>\n<meta property=\"og:locale\" content=\"en_US\" \/>\n<meta property=\"og:type\" content=\"article\" \/>\n<meta property=\"og:title\" content=\"Mouzinho de Albuquerque Building - Morgado Cardoso\" \/>\n<meta property=\"og:description\" content=\"Mouzinho de Albuquerque Building - Morgado Cardoso\" \/>\n<meta property=\"og:url\" content=\"https:\/\/morgadocardoso.com\/en\/mouzinho-de-albuquerque-building\/\" \/>\n<meta property=\"og:site_name\" content=\"Morgado Cardoso\" \/>\n<meta property=\"article:modified_time\" content=\"2022-11-09T14:19:50+00:00\" \/>\n<meta property=\"og:image\" content=\"https:\/\/morgadocardoso.com\/wp-content\/uploads\/2022\/11\/casa33.jpeg\" \/>\n<meta name=\"twitter:card\" content=\"summary_large_image\" \/>\n<script type=\"application\/ld+json\" class=\"yoast-schema-graph\">{\"@context\":\"https:\/\/schema.org\",\"@graph\":[{\"@type\":\"WebPage\",\"@id\":\"https:\/\/morgadocardoso.com\/en\/mouzinho-de-albuquerque-building\/\",\"url\":\"https:\/\/morgadocardoso.com\/en\/mouzinho-de-albuquerque-building\/\",\"name\":\"Mouzinho de Albuquerque Building - Morgado Cardoso\",\"isPartOf\":{\"@id\":\"https:\/\/morgadocardoso.com\/en\/#website\"},\"datePublished\":\"2022-11-04T09:51:55+00:00\",\"dateModified\":\"2022-11-09T14:19:50+00:00\",\"description\":\"Mouzinho de Albuquerque Building - Morgado Cardoso\",\"breadcrumb\":{\"@id\":\"https:\/\/morgadocardoso.com\/en\/mouzinho-de-albuquerque-building\/#breadcrumb\"},\"inLanguage\":\"en-US\",\"potentialAction\":[{\"@type\":\"ReadAction\",\"target\":[\"https:\/\/morgadocardoso.com\/en\/mouzinho-de-albuquerque-building\/\"]}]},{\"@type\":\"BreadcrumbList\",\"@id\":\"https:\/\/morgadocardoso.com\/en\/mouzinho-de-albuquerque-building\/#breadcrumb\",\"itemListElement\":[{\"@type\":\"ListItem\",\"position\":1,\"name\":\"Home\",\"item\":\"https:\/\/morgadocardoso.com\/en\/\"},{\"@type\":\"ListItem\",\"position\":2,\"name\":\"Mouzinho de Albuquerque Building\"}]},{\"@type\":\"WebSite\",\"@id\":\"https:\/\/morgadocardoso.com\/en\/#website\",\"url\":\"https:\/\/morgadocardoso.com\/en\/\",\"name\":\"Morgado Cardoso\",\"description\":\"O empreendimento de elei\u00e7\u00e3o para quem procura qualidade de vida aliada \u00e0 arquitetura elegante, conforto e seguran\u00e7a!\",\"publisher\":{\"@id\":\"https:\/\/morgadocardoso.com\/en\/#organization\"},\"potentialAction\":[{\"@type\":\"SearchAction\",\"target\":{\"@type\":\"EntryPoint\",\"urlTemplate\":\"https:\/\/morgadocardoso.com\/en\/?s={search_term_string}\"},\"query-input\":\"required name=search_term_string\"}],\"inLanguage\":\"en-US\"},{\"@type\":\"Organization\",\"@id\":\"https:\/\/morgadocardoso.com\/en\/#organization\",\"name\":\"Morgado Cardoso\",\"url\":\"https:\/\/morgadocardoso.com\/en\/\",\"logo\":{\"@type\":\"ImageObject\",\"inLanguage\":\"en-US\",\"@id\":\"https:\/\/morgadocardoso.com\/en\/#\/schema\/logo\/image\/\",\"url\":\"https:\/\/morgadocardoso.com\/wp-content\/uploads\/2022\/11\/Logo-Morgado-Cardoso.png\",\"contentUrl\":\"https:\/\/morgadocardoso.com\/wp-content\/uploads\/2022\/11\/Logo-Morgado-Cardoso.png\",\"width\":81,\"height\":32,\"caption\":\"Morgado Cardoso\"},\"image\":{\"@id\":\"https:\/\/morgadocardoso.com\/en\/#\/schema\/logo\/image\/\"}}]}<\/script>\n<!-- \/ Yoast SEO plugin. -->","yoast_head_json":{"title":"Mouzinho de Albuquerque Building - Morgado Cardoso","description":"Mouzinho de Albuquerque Building - Morgado Cardoso","robots":{"index":"noindex","follow":"follow"},"og_locale":"en_US","og_type":"article","og_title":"Mouzinho de Albuquerque Building - Morgado Cardoso","og_description":"Mouzinho de Albuquerque Building - Morgado Cardoso","og_url":"https:\/\/morgadocardoso.com\/en\/mouzinho-de-albuquerque-building\/","og_site_name":"Morgado Cardoso","article_modified_time":"2022-11-09T14:19:50+00:00","og_image":[{"url":"https:\/\/morgadocardoso.com\/wp-content\/uploads\/2022\/11\/casa33.jpeg"}],"twitter_card":"summary_large_image","schema":{"@context":"https:\/\/schema.org","@graph":[{"@type":"WebPage","@id":"https:\/\/morgadocardoso.com\/en\/mouzinho-de-albuquerque-building\/","url":"https:\/\/morgadocardoso.com\/en\/mouzinho-de-albuquerque-building\/","name":"Mouzinho de Albuquerque Building - Morgado Cardoso","isPartOf":{"@id":"https:\/\/morgadocardoso.com\/en\/#website"},"datePublished":"2022-11-04T09:51:55+00:00","dateModified":"2022-11-09T14:19:50+00:00","description":"Mouzinho de Albuquerque Building - Morgado Cardoso","breadcrumb":{"@id":"https:\/\/morgadocardoso.com\/en\/mouzinho-de-albuquerque-building\/#breadcrumb"},"inLanguage":"en-US","potentialAction":[{"@type":"ReadAction","target":["https:\/\/morgadocardoso.com\/en\/mouzinho-de-albuquerque-building\/"]}]},{"@type":"BreadcrumbList","@id":"https:\/\/morgadocardoso.com\/en\/mouzinho-de-albuquerque-building\/#breadcrumb","itemListElement":[{"@type":"ListItem","position":1,"name":"Home","item":"https:\/\/morgadocardoso.com\/en\/"},{"@type":"ListItem","position":2,"name":"Mouzinho de Albuquerque Building"}]},{"@type":"WebSite","@id":"https:\/\/morgadocardoso.com\/en\/#website","url":"https:\/\/morgadocardoso.com\/en\/","name":"Morgado Cardoso","description":"O empreendimento de elei\u00e7\u00e3o para quem procura qualidade de vida aliada \u00e0 arquitetura elegante, conforto e seguran\u00e7a!","publisher":{"@id":"https:\/\/morgadocardoso.com\/en\/#organization"},"potentialAction":[{"@type":"SearchAction","target":{"@type":"EntryPoint","urlTemplate":"https:\/\/morgadocardoso.com\/en\/?s={search_term_string}"},"query-input":"required name=search_term_string"}],"inLanguage":"en-US"},{"@type":"Organization","@id":"https:\/\/morgadocardoso.com\/en\/#organization","name":"Morgado Cardoso","url":"https:\/\/morgadocardoso.com\/en\/","logo":{"@type":"ImageObject","inLanguage":"en-US","@id":"https:\/\/morgadocardoso.com\/en\/#\/schema\/logo\/image\/","url":"https:\/\/morgadocardoso.com\/wp-content\/uploads\/2022\/11\/Logo-Morgado-Cardoso.png","contentUrl":"https:\/\/morgadocardoso.com\/wp-content\/uploads\/2022\/11\/Logo-Morgado-Cardoso.png","width":81,"height":32,"caption":"Morgado Cardoso"},"image":{"@id":"https:\/\/morgadocardoso.com\/en\/#\/schema\/logo\/image\/"}}]}},"_links":{"self":[{"href":"https:\/\/morgadocardoso.com\/en\/wp-json\/wp\/v2\/pages\/2639"}],"collection":[{"href":"https:\/\/morgadocardoso.com\/en\/wp-json\/wp\/v2\/pages"}],"about":[{"href":"https:\/\/morgadocardoso.com\/en\/wp-json\/wp\/v2\/types\/page"}],"author":[{"embeddable":true,"href":"https:\/\/morgadocardoso.com\/en\/wp-json\/wp\/v2\/users\/1"}],"replies":[{"embeddable":true,"href":"https:\/\/morgadocardoso.com\/en\/wp-json\/wp\/v2\/comments?post=2639"}],"version-history":[{"count":1,"href":"https:\/\/morgadocardoso.com\/en\/wp-json\/wp\/v2\/pages\/2639\/revisions"}],"predecessor-version":[{"id":2640,"href":"https:\/\/morgadocardoso.com\/en\/wp-json\/wp\/v2\/pages\/2639\/revisions\/2640"}],"wp:attachment":[{"href":"https:\/\/morgadocardoso.com\/en\/wp-json\/wp\/v2\/media?parent=2639"}],"curies":[{"name":"wp","href":"https:\/\/api.w.org\/{rel}","templated":true}]}}