{"id":2152,"date":"2022-11-04T10:07:31","date_gmt":"2022-11-04T10:07:31","guid":{"rendered":"https:\/\/morgado.zalox.pt\/what-are-cookies\/"},"modified":"2022-11-04T10:14:31","modified_gmt":"2022-11-04T10:14:31","slug":"what-are-cookies","status":"publish","type":"page","link":"https:\/\/morgadocardoso.com\/en\/what-are-cookies\/","title":{"rendered":"What are cookies"},"content":{"rendered":"\t\t<div data-elementor-type=\"wp-page\" data-elementor-id=\"2152\" class=\"elementor elementor-2152 elementor-2142\">\n\t\t\t\t\t\t\t\t\t<section class=\"elementor-section elementor-top-section elementor-element elementor-element-9997731 elementor-section-boxed elementor-section-height-default elementor-section-height-default\" data-id=\"9997731\" data-element_type=\"section\">\n\t\t\t\t\t\t<div class=\"elementor-container elementor-column-gap-no\">\n\t\t\t\t\t<div class=\"elementor-column elementor-col-100 elementor-top-column elementor-element elementor-element-821f64d\" data-id=\"821f64d\" data-element_type=\"column\">\n\t\t\t<div class=\"elementor-widget-wrap elementor-element-populated\">\n\t\t\t\t\t\t\t\t<div class=\"elementor-element elementor-element-5198389 elementor-widget elementor-widget-heading\" data-id=\"5198389\" data-element_type=\"widget\" data-widget_type=\"heading.default\">\n\t\t\t\t<div class=\"elementor-widget-container\">\n\t\t\t<style>\/*! elementor - v3.12.2 - 23-04-2023 *\/\n.elementor-heading-title{padding:0;margin:0;line-height:1}.elementor-widget-heading .elementor-heading-title[class*=elementor-size-]>a{color:inherit;font-size:inherit;line-height:inherit}.elementor-widget-heading .elementor-heading-title.elementor-size-small{font-size:15px}.elementor-widget-heading .elementor-heading-title.elementor-size-medium{font-size:19px}.elementor-widget-heading .elementor-heading-title.elementor-size-large{font-size:29px}.elementor-widget-heading .elementor-heading-title.elementor-size-xl{font-size:39px}.elementor-widget-heading .elementor-heading-title.elementor-size-xxl{font-size:59px}<\/style><h1 class=\"elementor-heading-title elementor-size-default\">WHAT ARE COOKIES\n<\/h1>\t\t<\/div>\n\t\t\t\t<\/div>\n\t\t\t\t<div class=\"elementor-element elementor-element-31e169c elementor-widget elementor-widget-text-editor\" data-id=\"31e169c\" data-element_type=\"widget\" data-widget_type=\"text-editor.default\">\n\t\t\t\t<div class=\"elementor-widget-container\">\n\t\t\t<style>\/*! elementor - v3.12.2 - 23-04-2023 *\/\n.elementor-widget-text-editor.elementor-drop-cap-view-stacked .elementor-drop-cap{background-color:#69727d;color:#fff}.elementor-widget-text-editor.elementor-drop-cap-view-framed .elementor-drop-cap{color:#69727d;border:3px solid;background-color:transparent}.elementor-widget-text-editor:not(.elementor-drop-cap-view-default) .elementor-drop-cap{margin-top:8px}.elementor-widget-text-editor:not(.elementor-drop-cap-view-default) .elementor-drop-cap-letter{width:1em;height:1em}.elementor-widget-text-editor .elementor-drop-cap{float:left;text-align:center;line-height:1;font-size:50px}.elementor-widget-text-editor .elementor-drop-cap-letter{display:inline-block}<\/style>\t\t\t\t<p>As is common practice with almost all professional websites this site uses cookies, which are tiny files that are downloaded to your computer, to improve your experience. This page describes what information they gather, how we use it and why we sometimes need to store these cookies. We will also share how you can prevent these cookies from being stored however this may downgrade or &#8216;break&#8217; certain elements of the sites functionality. For more general information on cookies see the Wikipedia article on HTTP Cookies.<\/p>\n\t\t\t\t\t\t<\/div>\n\t\t\t\t<\/div>\n\t\t\t\t<div class=\"elementor-element elementor-element-3823eab elementor-widget elementor-widget-text-editor\" data-id=\"3823eab\" data-element_type=\"widget\" data-widget_type=\"text-editor.default\">\n\t\t\t\t<div class=\"elementor-widget-container\">\n\t\t\t\t\t\t\t<p><strong>How We Use Cookies<\/strong><\/p>\n<p>We use cookies for a variety of reasons detailed below. Unfortunately in most cases there are no industry standard options for disabling cookies without completely disabling the functionality and features they add to this site. It is recommended that you leave on all cookies if you are not sure whether you need them or not in case they are used to provide a service that you use.<\/p>\n\t\t\t\t\t\t<\/div>\n\t\t\t\t<\/div>\n\t\t\t\t<div class=\"elementor-element elementor-element-ca1b8b8 elementor-widget elementor-widget-text-editor\" data-id=\"ca1b8b8\" data-element_type=\"widget\" data-widget_type=\"text-editor.default\">\n\t\t\t\t<div class=\"elementor-widget-container\">\n\t\t\t\t\t\t\t<p><strong>Disabling Cookies<\/strong><\/p>\n<p>You can prevent the setting of cookies by adjusting the settings on your browser (see your browser Help for how to do this). Be aware that disabling cookies will affect the functionality of this and many other websites that you visit. Disabling cookies will usually result in also disabling certain functionality and features of the this site. Therefore it is recommended that you do not disable cookies.<\/p>\n\t\t\t\t\t\t<\/div>\n\t\t\t\t<\/div>\n\t\t\t\t<div class=\"elementor-element elementor-element-dbf8eb0 elementor-widget elementor-widget-text-editor\" data-id=\"dbf8eb0\" data-element_type=\"widget\" data-widget_type=\"text-editor.default\">\n\t\t\t\t<div class=\"elementor-widget-container\">\n\t\t\t\t\t\t\t<p><strong>Os Cookies que utilizamos<\/strong><\/p>\n<p>When you submit data to through a form such as those found on contact pages or comment forms cookies may be set to remember your user details for future correspondence.<\/p>\n\t\t\t\t\t\t<\/div>\n\t\t\t\t<\/div>\n\t\t\t\t\t<\/div>\n\t\t<\/div>\n\t\t\t\t\t\t\t<\/div>\n\t\t<\/section>\n\t\t\t\t\t\t\t<\/div>\n\t\t","protected":false},"excerpt":{"rendered":"<p>WHAT ARE COOKIES As is common practice with almost all professional websites this site uses cookies, which are tiny files that are downloaded to your computer, to improve your experience. This page describes what information they gather, how we use it and why we sometimes need to store these cookies. We will also share how [&hellip;]<\/p>\n","protected":false},"author":1,"featured_media":0,"parent":0,"menu_order":0,"comment_status":"closed","ping_status":"closed","template":"","meta":[],"yoast_head":"<!-- This site is optimized with the Yoast SEO plugin v20.6 - https:\/\/yoast.com\/wordpress\/plugins\/seo\/ -->\n<title>What are cookies - Morgado Cardoso<\/title>\n<meta name=\"description\" content=\"What are cookies - Morgado Cardoso\" \/>\n<meta name=\"robots\" content=\"noindex, follow\" \/>\n<meta property=\"og:locale\" content=\"en_US\" \/>\n<meta property=\"og:type\" content=\"article\" \/>\n<meta property=\"og:title\" content=\"What are cookies - Morgado Cardoso\" \/>\n<meta property=\"og:description\" content=\"What are cookies - Morgado Cardoso\" \/>\n<meta property=\"og:url\" content=\"https:\/\/morgadocardoso.com\/en\/what-are-cookies\/\" \/>\n<meta property=\"og:site_name\" content=\"Morgado Cardoso\" \/>\n<meta property=\"article:modified_time\" content=\"2022-11-04T10:14:31+00:00\" \/>\n<meta name=\"twitter:card\" content=\"summary_large_image\" \/>\n<meta name=\"twitter:label1\" content=\"Est. reading time\" \/>\n\t<meta name=\"twitter:data1\" content=\"1 minute\" \/>\n<script type=\"application\/ld+json\" class=\"yoast-schema-graph\">{\"@context\":\"https:\/\/schema.org\",\"@graph\":[{\"@type\":\"WebPage\",\"@id\":\"https:\/\/morgadocardoso.com\/en\/what-are-cookies\/\",\"url\":\"https:\/\/morgadocardoso.com\/en\/what-are-cookies\/\",\"name\":\"What are cookies - Morgado Cardoso\",\"isPartOf\":{\"@id\":\"https:\/\/morgadocardoso.com\/en\/#website\"},\"datePublished\":\"2022-11-04T10:07:31+00:00\",\"dateModified\":\"2022-11-04T10:14:31+00:00\",\"description\":\"What are cookies - Morgado Cardoso\",\"breadcrumb\":{\"@id\":\"https:\/\/morgadocardoso.com\/en\/what-are-cookies\/#breadcrumb\"},\"inLanguage\":\"en-US\",\"potentialAction\":[{\"@type\":\"ReadAction\",\"target\":[\"https:\/\/morgadocardoso.com\/en\/what-are-cookies\/\"]}]},{\"@type\":\"BreadcrumbList\",\"@id\":\"https:\/\/morgadocardoso.com\/en\/what-are-cookies\/#breadcrumb\",\"itemListElement\":[{\"@type\":\"ListItem\",\"position\":1,\"name\":\"Home\",\"item\":\"https:\/\/morgadocardoso.com\/en\/\"},{\"@type\":\"ListItem\",\"position\":2,\"name\":\"What are cookies\"}]},{\"@type\":\"WebSite\",\"@id\":\"https:\/\/morgadocardoso.com\/en\/#website\",\"url\":\"https:\/\/morgadocardoso.com\/en\/\",\"name\":\"Morgado Cardoso\",\"description\":\"O empreendimento de elei\u00e7\u00e3o para quem procura qualidade de vida aliada \u00e0 arquitetura elegante, conforto e seguran\u00e7a!\",\"publisher\":{\"@id\":\"https:\/\/morgadocardoso.com\/en\/#organization\"},\"potentialAction\":[{\"@type\":\"SearchAction\",\"target\":{\"@type\":\"EntryPoint\",\"urlTemplate\":\"https:\/\/morgadocardoso.com\/en\/?s={search_term_string}\"},\"query-input\":\"required name=search_term_string\"}],\"inLanguage\":\"en-US\"},{\"@type\":\"Organization\",\"@id\":\"https:\/\/morgadocardoso.com\/en\/#organization\",\"name\":\"Morgado Cardoso\",\"url\":\"https:\/\/morgadocardoso.com\/en\/\",\"logo\":{\"@type\":\"ImageObject\",\"inLanguage\":\"en-US\",\"@id\":\"https:\/\/morgadocardoso.com\/en\/#\/schema\/logo\/image\/\",\"url\":\"https:\/\/morgadocardoso.com\/wp-content\/uploads\/2022\/11\/Logo-Morgado-Cardoso.png\",\"contentUrl\":\"https:\/\/morgadocardoso.com\/wp-content\/uploads\/2022\/11\/Logo-Morgado-Cardoso.png\",\"width\":81,\"height\":32,\"caption\":\"Morgado Cardoso\"},\"image\":{\"@id\":\"https:\/\/morgadocardoso.com\/en\/#\/schema\/logo\/image\/\"}}]}<\/script>\n<!-- \/ Yoast SEO plugin. -->","yoast_head_json":{"title":"What are cookies - Morgado Cardoso","description":"What are cookies - Morgado Cardoso","robots":{"index":"noindex","follow":"follow"},"og_locale":"en_US","og_type":"article","og_title":"What are cookies - Morgado Cardoso","og_description":"What are cookies - Morgado Cardoso","og_url":"https:\/\/morgadocardoso.com\/en\/what-are-cookies\/","og_site_name":"Morgado Cardoso","article_modified_time":"2022-11-04T10:14:31+00:00","twitter_card":"summary_large_image","twitter_misc":{"Est. reading time":"1 minute"},"schema":{"@context":"https:\/\/schema.org","@graph":[{"@type":"WebPage","@id":"https:\/\/morgadocardoso.com\/en\/what-are-cookies\/","url":"https:\/\/morgadocardoso.com\/en\/what-are-cookies\/","name":"What are cookies - Morgado Cardoso","isPartOf":{"@id":"https:\/\/morgadocardoso.com\/en\/#website"},"datePublished":"2022-11-04T10:07:31+00:00","dateModified":"2022-11-04T10:14:31+00:00","description":"What are cookies - Morgado Cardoso","breadcrumb":{"@id":"https:\/\/morgadocardoso.com\/en\/what-are-cookies\/#breadcrumb"},"inLanguage":"en-US","potentialAction":[{"@type":"ReadAction","target":["https:\/\/morgadocardoso.com\/en\/what-are-cookies\/"]}]},{"@type":"BreadcrumbList","@id":"https:\/\/morgadocardoso.com\/en\/what-are-cookies\/#breadcrumb","itemListElement":[{"@type":"ListItem","position":1,"name":"Home","item":"https:\/\/morgadocardoso.com\/en\/"},{"@type":"ListItem","position":2,"name":"What are cookies"}]},{"@type":"WebSite","@id":"https:\/\/morgadocardoso.com\/en\/#website","url":"https:\/\/morgadocardoso.com\/en\/","name":"Morgado Cardoso","description":"O empreendimento de elei\u00e7\u00e3o para quem procura qualidade de vida aliada \u00e0 arquitetura elegante, conforto e seguran\u00e7a!","publisher":{"@id":"https:\/\/morgadocardoso.com\/en\/#organization"},"potentialAction":[{"@type":"SearchAction","target":{"@type":"EntryPoint","urlTemplate":"https:\/\/morgadocardoso.com\/en\/?s={search_term_string}"},"query-input":"required name=search_term_string"}],"inLanguage":"en-US"},{"@type":"Organization","@id":"https:\/\/morgadocardoso.com\/en\/#organization","name":"Morgado Cardoso","url":"https:\/\/morgadocardoso.com\/en\/","logo":{"@type":"ImageObject","inLanguage":"en-US","@id":"https:\/\/morgadocardoso.com\/en\/#\/schema\/logo\/image\/","url":"https:\/\/morgadocardoso.com\/wp-content\/uploads\/2022\/11\/Logo-Morgado-Cardoso.png","contentUrl":"https:\/\/morgadocardoso.com\/wp-content\/uploads\/2022\/11\/Logo-Morgado-Cardoso.png","width":81,"height":32,"caption":"Morgado Cardoso"},"image":{"@id":"https:\/\/morgadocardoso.com\/en\/#\/schema\/logo\/image\/"}}]}},"_links":{"self":[{"href":"https:\/\/morgadocardoso.com\/en\/wp-json\/wp\/v2\/pages\/2152"}],"collection":[{"href":"https:\/\/morgadocardoso.com\/en\/wp-json\/wp\/v2\/pages"}],"about":[{"href":"https:\/\/morgadocardoso.com\/en\/wp-json\/wp\/v2\/types\/page"}],"author":[{"embeddable":true,"href":"https:\/\/morgadocardoso.com\/en\/wp-json\/wp\/v2\/users\/1"}],"replies":[{"embeddable":true,"href":"https:\/\/morgadocardoso.com\/en\/wp-json\/wp\/v2\/comments?post=2152"}],"version-history":[{"count":1,"href":"https:\/\/morgadocardoso.com\/en\/wp-json\/wp\/v2\/pages\/2152\/revisions"}],"predecessor-version":[{"id":2153,"href":"https:\/\/morgadocardoso.com\/en\/wp-json\/wp\/v2\/pages\/2152\/revisions\/2153"}],"wp:attachment":[{"href":"https:\/\/morgadocardoso.com\/en\/wp-json\/wp\/v2\/media?parent=2152"}],"curies":[{"name":"wp","href":"https:\/\/api.w.org\/{rel}","templated":true}]}}