{"id":1487,"date":"2022-11-02T14:29:03","date_gmt":"2022-11-02T14:29:03","guid":{"rendered":"https:\/\/morgado.zalox.pt\/terms-and-conditions\/"},"modified":"2022-11-03T12:25:18","modified_gmt":"2022-11-03T12:25:18","slug":"terms-and-conditions","status":"publish","type":"page","link":"https:\/\/morgadocardoso.com\/en\/terms-and-conditions\/","title":{"rendered":"Terms and Conditions"},"content":{"rendered":"\t\t<div data-elementor-type=\"wp-page\" data-elementor-id=\"1487\" class=\"elementor elementor-1487 elementor-1023\">\n\t\t\t\t\t\t\t\t\t<section class=\"elementor-section elementor-top-section elementor-element elementor-element-ebf8296 elementor-section-boxed elementor-section-height-default elementor-section-height-default\" data-id=\"ebf8296\" data-element_type=\"section\">\n\t\t\t\t\t\t<div class=\"elementor-container elementor-column-gap-no\">\n\t\t\t\t\t<div class=\"elementor-column elementor-col-100 elementor-top-column elementor-element elementor-element-3723080\" data-id=\"3723080\" data-element_type=\"column\">\n\t\t\t<div class=\"elementor-widget-wrap elementor-element-populated\">\n\t\t\t\t\t\t\t\t<div class=\"elementor-element elementor-element-e80831b elementor-widget elementor-widget-heading\" data-id=\"e80831b\" data-element_type=\"widget\" data-widget_type=\"heading.default\">\n\t\t\t\t<div class=\"elementor-widget-container\">\n\t\t\t<style>\/*! elementor - v3.12.2 - 23-04-2023 *\/\n.elementor-heading-title{padding:0;margin:0;line-height:1}.elementor-widget-heading .elementor-heading-title[class*=elementor-size-]>a{color:inherit;font-size:inherit;line-height:inherit}.elementor-widget-heading .elementor-heading-title.elementor-size-small{font-size:15px}.elementor-widget-heading .elementor-heading-title.elementor-size-medium{font-size:19px}.elementor-widget-heading .elementor-heading-title.elementor-size-large{font-size:29px}.elementor-widget-heading .elementor-heading-title.elementor-size-xl{font-size:39px}.elementor-widget-heading .elementor-heading-title.elementor-size-xxl{font-size:59px}<\/style><h1 class=\"elementor-heading-title elementor-size-default\">TERMS AND CONDITIONS<\/h1>\t\t<\/div>\n\t\t\t\t<\/div>\n\t\t\t\t<div class=\"elementor-element elementor-element-6a2658f elementor-widget elementor-widget-text-editor\" data-id=\"6a2658f\" data-element_type=\"widget\" data-widget_type=\"text-editor.default\">\n\t\t\t\t<div class=\"elementor-widget-container\">\n\t\t\t<style>\/*! elementor - v3.12.2 - 23-04-2023 *\/\n.elementor-widget-text-editor.elementor-drop-cap-view-stacked .elementor-drop-cap{background-color:#69727d;color:#fff}.elementor-widget-text-editor.elementor-drop-cap-view-framed .elementor-drop-cap{color:#69727d;border:3px solid;background-color:transparent}.elementor-widget-text-editor:not(.elementor-drop-cap-view-default) .elementor-drop-cap{margin-top:8px}.elementor-widget-text-editor:not(.elementor-drop-cap-view-default) .elementor-drop-cap-letter{width:1em;height:1em}.elementor-widget-text-editor .elementor-drop-cap{float:left;text-align:center;line-height:1;font-size:50px}.elementor-widget-text-editor .elementor-drop-cap-letter{display:inline-block}<\/style>\t\t\t\t<p><strong>1. Legal information<\/strong><\/p>\n<p>Morgado Cardoso S.A.is a company registered under the number PT506402738<\/p>\n<p>Address: Rua Padre Himalaya, 50A 4100-553 Porto<\/p>\n<p>Phone: 226181646<\/p>\n<p>E-mail: geral@morgadocardoso.com<\/p>\n<p>VAT number: 505866501<\/p>\n<p>Business registration: Conservat\u00f3ria do Registo Comercial do Porto<\/p>\n<p>The above mentioned part is responsible for the content of the site www.morgadocardoso.com<\/p>\n\t\t\t\t\t\t<\/div>\n\t\t\t\t<\/div>\n\t\t\t\t<div class=\"elementor-element elementor-element-17a7b91 elementor-widget elementor-widget-text-editor\" data-id=\"17a7b91\" data-element_type=\"widget\" data-widget_type=\"text-editor.default\">\n\t\t\t\t<div class=\"elementor-widget-container\">\n\t\t\t\t\t\t\t<p><b>2. Conditions of use<\/b><\/p>\n<p>By using the www.morgadocardoso.com ou are automatically accepting the conditions described here. Morgado Cardoso S.A. reserves the right at any time to modify or update this regulation as well as the content of this site, without requiring any previous communication to the users and producing immediate effects after its online publication.<\/p>\n\t\t\t\t\t\t<\/div>\n\t\t\t\t<\/div>\n\t\t\t\t<div class=\"elementor-element elementor-element-cdb0404 elementor-widget elementor-widget-text-editor\" data-id=\"cdb0404\" data-element_type=\"widget\" data-widget_type=\"text-editor.default\">\n\t\t\t\t<div class=\"elementor-widget-container\">\n\t\t\t\t\t\t\t<p><b style=\"color: var( --e-global-color-text ); font-family: var( --e-global-typography-secondary-font-family ), Sans-serif; font-size: var( --e-global-typography-secondary-font-size ); font-style: var( --e-global-typography-secondary-font-style ); text-transform: var( --e-global-typography-secondary-text-transform );\">3. Copyright<\/b><\/p>\n<p>All contents included in this site, such as: text, images, logos, icons, visual audio clips and software, are property of Morgado Cardoso S.A. and are protected by International Copyright Law. Thus, its reproduction, copying and dissemination is subject to the prior authorization of its owners.<\/p>\n\t\t\t\t\t\t<\/div>\n\t\t\t\t<\/div>\n\t\t\t\t<div class=\"elementor-element elementor-element-dc8464f elementor-widget elementor-widget-text-editor\" data-id=\"dc8464f\" data-element_type=\"widget\" data-widget_type=\"text-editor.default\">\n\t\t\t\t<div class=\"elementor-widget-container\">\n\t\t\t\t\t\t\t<p><b style=\"color: var( --e-global-color-text ); font-family: var( --e-global-typography-secondary-font-family ), Sans-serif; font-size: var( --e-global-typography-secondary-font-size ); font-style: var( --e-global-typography-secondary-font-style ); text-transform: var( --e-global-typography-secondary-text-transform );\">4. Responsibilities<\/b><\/p>\n<p>All information included on this site is for informational purposes only. Morgado Cardoso S.A. will do everything possible so that the information presented does not contain typographical errors and is always updated, but can not be held responsible for any failures, errors or omissions in the contents of the site. www.morgadocardoso.com site has the appropriate security levels however, Morgado Cardoso S.A does not guarantee the absence of viruses or similar elements in the electronic documents and files stored on your computer system and on the site that can produce software and hardware changes for the user. The use of our site and its contents implies acceptance of the previous risks by the user and Morgado Cardoso S.A. is exempt from any liability for any kind of damages and losses arising from the presence of viruses, actions of third parties or other similar elements.<\/p>\n\t\t\t\t\t\t<\/div>\n\t\t\t\t<\/div>\n\t\t\t\t<div class=\"elementor-element elementor-element-e9e0334 elementor-widget elementor-widget-text-editor\" data-id=\"e9e0334\" data-element_type=\"widget\" data-widget_type=\"text-editor.default\">\n\t\t\t\t<div class=\"elementor-widget-container\">\n\t\t\t\t\t\t\t<p><b style=\"color: var( --e-global-color-text ); font-family: var( --e-global-typography-secondary-font-family ), Sans-serif; font-size: var( --e-global-typography-secondary-font-size ); font-style: var( --e-global-typography-secondary-font-style ); text-transform: var( --e-global-typography-secondary-text-transform );\">5. Conflict resolution<\/b><\/p>\n<p>In the event of a dispute, the consumer may use an alternative dispute resolution entity: Tribunal Arbitral do Centro de Informa\u00e7\u00e3o de Consumo e Arbitragem do Porto.<\/p>\n<p>Address: Rua Dami\u00e3o de G\u00f3is, 31, Loja 6, 4050-225, Porto<\/p>\n\t\t\t\t\t\t<\/div>\n\t\t\t\t<\/div>\n\t\t\t\t\t<\/div>\n\t\t<\/div>\n\t\t\t\t\t\t\t<\/div>\n\t\t<\/section>\n\t\t\t\t\t\t\t<\/div>\n\t\t","protected":false},"excerpt":{"rendered":"<p>TERMS AND CONDITIONS 1. Legal information Morgado Cardoso S.A.is a company registered under the number PT506402738 Address: Rua Padre Himalaya, 50A 4100-553 Porto Phone: 226181646 E-mail: geral@morgadocardoso.com VAT number: 505866501 Business registration: Conservat\u00f3ria do Registo Comercial do Porto The above mentioned part is responsible for the content of the site www.morgadocardoso.com 2. Conditions of use [&hellip;]<\/p>\n","protected":false},"author":1,"featured_media":0,"parent":0,"menu_order":0,"comment_status":"closed","ping_status":"closed","template":"","meta":[],"yoast_head":"<!-- This site is optimized with the Yoast SEO plugin v20.6 - https:\/\/yoast.com\/wordpress\/plugins\/seo\/ -->\n<title>Terms and Conditions - Morgado Cardoso<\/title>\n<meta name=\"description\" content=\"Terms and Conditions - Morgado Cardoso\" \/>\n<meta name=\"robots\" content=\"noindex, follow\" \/>\n<meta property=\"og:locale\" content=\"en_US\" \/>\n<meta property=\"og:type\" content=\"article\" \/>\n<meta property=\"og:title\" content=\"Terms and Conditions - Morgado Cardoso\" \/>\n<meta property=\"og:description\" content=\"Terms and Conditions - Morgado Cardoso\" \/>\n<meta property=\"og:url\" content=\"https:\/\/morgadocardoso.com\/en\/terms-and-conditions\/\" \/>\n<meta property=\"og:site_name\" content=\"Morgado Cardoso\" \/>\n<meta property=\"article:modified_time\" content=\"2022-11-03T12:25:18+00:00\" \/>\n<meta name=\"twitter:card\" content=\"summary_large_image\" \/>\n<meta name=\"twitter:label1\" content=\"Est. reading time\" \/>\n\t<meta name=\"twitter:data1\" content=\"2 minutes\" \/>\n<script type=\"application\/ld+json\" class=\"yoast-schema-graph\">{\"@context\":\"https:\/\/schema.org\",\"@graph\":[{\"@type\":\"WebPage\",\"@id\":\"https:\/\/morgadocardoso.com\/en\/terms-and-conditions\/\",\"url\":\"https:\/\/morgadocardoso.com\/en\/terms-and-conditions\/\",\"name\":\"Terms and Conditions - Morgado Cardoso\",\"isPartOf\":{\"@id\":\"https:\/\/morgadocardoso.com\/en\/#website\"},\"datePublished\":\"2022-11-02T14:29:03+00:00\",\"dateModified\":\"2022-11-03T12:25:18+00:00\",\"description\":\"Terms and Conditions - Morgado Cardoso\",\"breadcrumb\":{\"@id\":\"https:\/\/morgadocardoso.com\/en\/terms-and-conditions\/#breadcrumb\"},\"inLanguage\":\"en-US\",\"potentialAction\":[{\"@type\":\"ReadAction\",\"target\":[\"https:\/\/morgadocardoso.com\/en\/terms-and-conditions\/\"]}]},{\"@type\":\"BreadcrumbList\",\"@id\":\"https:\/\/morgadocardoso.com\/en\/terms-and-conditions\/#breadcrumb\",\"itemListElement\":[{\"@type\":\"ListItem\",\"position\":1,\"name\":\"Home\",\"item\":\"https:\/\/morgadocardoso.com\/en\/\"},{\"@type\":\"ListItem\",\"position\":2,\"name\":\"Terms and Conditions\"}]},{\"@type\":\"WebSite\",\"@id\":\"https:\/\/morgadocardoso.com\/en\/#website\",\"url\":\"https:\/\/morgadocardoso.com\/en\/\",\"name\":\"Morgado Cardoso\",\"description\":\"O empreendimento de elei\u00e7\u00e3o para quem procura qualidade de vida aliada \u00e0 arquitetura elegante, conforto e seguran\u00e7a!\",\"publisher\":{\"@id\":\"https:\/\/morgadocardoso.com\/en\/#organization\"},\"potentialAction\":[{\"@type\":\"SearchAction\",\"target\":{\"@type\":\"EntryPoint\",\"urlTemplate\":\"https:\/\/morgadocardoso.com\/en\/?s={search_term_string}\"},\"query-input\":\"required name=search_term_string\"}],\"inLanguage\":\"en-US\"},{\"@type\":\"Organization\",\"@id\":\"https:\/\/morgadocardoso.com\/en\/#organization\",\"name\":\"Morgado Cardoso\",\"url\":\"https:\/\/morgadocardoso.com\/en\/\",\"logo\":{\"@type\":\"ImageObject\",\"inLanguage\":\"en-US\",\"@id\":\"https:\/\/morgadocardoso.com\/en\/#\/schema\/logo\/image\/\",\"url\":\"https:\/\/morgadocardoso.com\/wp-content\/uploads\/2022\/11\/Logo-Morgado-Cardoso.png\",\"contentUrl\":\"https:\/\/morgadocardoso.com\/wp-content\/uploads\/2022\/11\/Logo-Morgado-Cardoso.png\",\"width\":81,\"height\":32,\"caption\":\"Morgado Cardoso\"},\"image\":{\"@id\":\"https:\/\/morgadocardoso.com\/en\/#\/schema\/logo\/image\/\"}}]}<\/script>\n<!-- \/ Yoast SEO plugin. -->","yoast_head_json":{"title":"Terms and Conditions - Morgado Cardoso","description":"Terms and Conditions - Morgado Cardoso","robots":{"index":"noindex","follow":"follow"},"og_locale":"en_US","og_type":"article","og_title":"Terms and Conditions - Morgado Cardoso","og_description":"Terms and Conditions - Morgado Cardoso","og_url":"https:\/\/morgadocardoso.com\/en\/terms-and-conditions\/","og_site_name":"Morgado Cardoso","article_modified_time":"2022-11-03T12:25:18+00:00","twitter_card":"summary_large_image","twitter_misc":{"Est. reading time":"2 minutes"},"schema":{"@context":"https:\/\/schema.org","@graph":[{"@type":"WebPage","@id":"https:\/\/morgadocardoso.com\/en\/terms-and-conditions\/","url":"https:\/\/morgadocardoso.com\/en\/terms-and-conditions\/","name":"Terms and Conditions - Morgado Cardoso","isPartOf":{"@id":"https:\/\/morgadocardoso.com\/en\/#website"},"datePublished":"2022-11-02T14:29:03+00:00","dateModified":"2022-11-03T12:25:18+00:00","description":"Terms and Conditions - Morgado Cardoso","breadcrumb":{"@id":"https:\/\/morgadocardoso.com\/en\/terms-and-conditions\/#breadcrumb"},"inLanguage":"en-US","potentialAction":[{"@type":"ReadAction","target":["https:\/\/morgadocardoso.com\/en\/terms-and-conditions\/"]}]},{"@type":"BreadcrumbList","@id":"https:\/\/morgadocardoso.com\/en\/terms-and-conditions\/#breadcrumb","itemListElement":[{"@type":"ListItem","position":1,"name":"Home","item":"https:\/\/morgadocardoso.com\/en\/"},{"@type":"ListItem","position":2,"name":"Terms and Conditions"}]},{"@type":"WebSite","@id":"https:\/\/morgadocardoso.com\/en\/#website","url":"https:\/\/morgadocardoso.com\/en\/","name":"Morgado Cardoso","description":"O empreendimento de elei\u00e7\u00e3o para quem procura qualidade de vida aliada \u00e0 arquitetura elegante, conforto e seguran\u00e7a!","publisher":{"@id":"https:\/\/morgadocardoso.com\/en\/#organization"},"potentialAction":[{"@type":"SearchAction","target":{"@type":"EntryPoint","urlTemplate":"https:\/\/morgadocardoso.com\/en\/?s={search_term_string}"},"query-input":"required name=search_term_string"}],"inLanguage":"en-US"},{"@type":"Organization","@id":"https:\/\/morgadocardoso.com\/en\/#organization","name":"Morgado Cardoso","url":"https:\/\/morgadocardoso.com\/en\/","logo":{"@type":"ImageObject","inLanguage":"en-US","@id":"https:\/\/morgadocardoso.com\/en\/#\/schema\/logo\/image\/","url":"https:\/\/morgadocardoso.com\/wp-content\/uploads\/2022\/11\/Logo-Morgado-Cardoso.png","contentUrl":"https:\/\/morgadocardoso.com\/wp-content\/uploads\/2022\/11\/Logo-Morgado-Cardoso.png","width":81,"height":32,"caption":"Morgado Cardoso"},"image":{"@id":"https:\/\/morgadocardoso.com\/en\/#\/schema\/logo\/image\/"}}]}},"_links":{"self":[{"href":"https:\/\/morgadocardoso.com\/en\/wp-json\/wp\/v2\/pages\/1487"}],"collection":[{"href":"https:\/\/morgadocardoso.com\/en\/wp-json\/wp\/v2\/pages"}],"about":[{"href":"https:\/\/morgadocardoso.com\/en\/wp-json\/wp\/v2\/types\/page"}],"author":[{"embeddable":true,"href":"https:\/\/morgadocardoso.com\/en\/wp-json\/wp\/v2\/users\/1"}],"replies":[{"embeddable":true,"href":"https:\/\/morgadocardoso.com\/en\/wp-json\/wp\/v2\/comments?post=1487"}],"version-history":[{"count":2,"href":"https:\/\/morgadocardoso.com\/en\/wp-json\/wp\/v2\/pages\/1487\/revisions"}],"predecessor-version":[{"id":1498,"href":"https:\/\/morgadocardoso.com\/en\/wp-json\/wp\/v2\/pages\/1487\/revisions\/1498"}],"wp:attachment":[{"href":"https:\/\/morgadocardoso.com\/en\/wp-json\/wp\/v2\/media?parent=1487"}],"curies":[{"name":"wp","href":"https:\/\/api.w.org\/{rel}","templated":true}]}}